{"id":5350,"date":"2025-06-30T13:31:22","date_gmt":"2025-06-30T11:31:22","guid":{"rendered":"https:\/\/www.skr.biz\/?page_id=5350"},"modified":"2025-06-30T13:33:16","modified_gmt":"2025-06-30T11:33:16","slug":"hinweisgebersystem","status":"publish","type":"page","link":"https:\/\/www.skr.biz\/en\/hinweisgebersystem\/","title":{"rendered":"Hin\u00adweis\u00adge\u00adber\u00adsys\u00adtem"},"content":{"rendered":"<div data-elementor-type=\"wp-page\" data-elementor-id=\"5350\" class=\"elementor elementor-5350\" data-elementor-post-type=\"page\">\n\t\t\t\t\t\t<section class=\"elementor-section elementor-top-section elementor-element elementor-element-e7fbab1 elementor-section-boxed elementor-section-height-default elementor-section-height-default\" data-id=\"e7fbab1\" data-element_type=\"section\" data-e-type=\"section\">\n\t\t\t\t\t\t<div class=\"elementor-container elementor-column-gap-default\">\n\t\t\t\t\t<div class=\"elementor-column elementor-col-100 elementor-top-column elementor-element elementor-element-063b275\" data-id=\"063b275\" data-element_type=\"column\" data-e-type=\"column\">\n\t\t\t<div class=\"elementor-widget-wrap elementor-element-populated\">\n\t\t\t\t\t\t<div class=\"elementor-element elementor-element-d32ed1c elementor-widget elementor-widget-heading\" data-id=\"d32ed1c\" data-element_type=\"widget\" data-e-type=\"widget\" data-widget_type=\"heading.default\">\n\t\t\t\t<div class=\"elementor-widget-container\">\n\t\t\t\t\t<h2 class=\"elementor-heading-title elementor-size-default\">Willkommen auf dem SKR Hinweisgebersystem<\/h2>\t\t\t\t<\/div>\n\t\t\t\t<\/div>\n\t\t\t\t\t<\/div>\n\t\t<\/div>\n\t\t\t\t\t<\/div>\n\t\t<\/section>\n\t\t\t\t<section class=\"elementor-section elementor-top-section elementor-element elementor-element-4c1d6df elementor-section-boxed elementor-section-height-default elementor-section-height-default\" data-id=\"4c1d6df\" data-element_type=\"section\" data-e-type=\"section\">\n\t\t\t\t\t\t<div class=\"elementor-container elementor-column-gap-default\">\n\t\t\t\t\t<div class=\"elementor-column elementor-col-100 elementor-top-column elementor-element elementor-element-5f310b4\" data-id=\"5f310b4\" data-element_type=\"column\" data-e-type=\"column\">\n\t\t\t<div class=\"elementor-widget-wrap elementor-element-populated\">\n\t\t\t\t\t\t<div class=\"elementor-element elementor-element-dddf55d elementor-widget elementor-widget-text-editor\" data-id=\"dddf55d\" data-element_type=\"widget\" data-e-type=\"widget\" data-widget_type=\"text-editor.default\">\n\t\t\t\t<div class=\"elementor-widget-container\">\n\t\t\t\t\t\t\t\t\t<p>\u00dcber die\u00adses Hin\u00adweis\u00adge\u00adber\u00adsys\u00adtem k\u00f6n\u00adnen Sie Miss\u00adst\u00e4n\u00adde, ins\u00adbe\u00adson\u00adde\u00adre Ver\u00adst\u00f6s\u00adse gegen das gel\u00adten\u00adde Recht sowie gegen inter\u00adne Wei\u00adsun\u00adgen und Pro\u00adzes\u00adse mel\u00adden. Die\u00adses Ange\u00adbot rich\u00adtet sich an Mit\u00adar\u00adbei\u00adter und exter\u00adne Per\u00adso\u00adnen, die auf Regel\u00adver\u00adst\u00f6s\u00adse bei der SKR Antriebs\u00adtech\u00adnik GmbH sowie deren Zulie\u00adfe\u00adrern und Gesch\u00e4fts\u00adpart\u00adnern hin\u00adwei\u00adsen m\u00f6ch\u00adten.<br><br>Vie\u00adlen Dank f\u00fcr Ihre Mitarbeit.<\/p>\t\t\t\t\t\t\t\t<\/div>\n\t\t\t\t<\/div>\n\t\t\t\t\t<\/div>\n\t\t<\/div>\n\t\t\t\t\t<\/div>\n\t\t<\/section>\n\t\t\t\t<section class=\"elementor-section elementor-top-section elementor-element elementor-element-89244ec elementor-section-boxed elementor-section-height-default elementor-section-height-default\" data-id=\"89244ec\" data-element_type=\"section\" data-e-type=\"section\">\n\t\t\t\t\t\t<div class=\"elementor-container elementor-column-gap-default\">\n\t\t\t\t\t<div class=\"elementor-column elementor-col-100 elementor-top-column elementor-element elementor-element-705eee5\" data-id=\"705eee5\" data-element_type=\"column\" data-e-type=\"column\">\n\t\t\t<div class=\"elementor-widget-wrap elementor-element-populated\">\n\t\t\t\t\t\t<div class=\"elementor-element elementor-element-a2fd658 elementor-align-center elementor-widget elementor-widget-button\" data-id=\"a2fd658\" data-element_type=\"widget\" data-e-type=\"widget\" data-widget_type=\"button.default\">\n\t\t\t\t<div class=\"elementor-widget-container\">\n\t\t\t\t\t\t\t\t\t<div class=\"elementor-button-wrapper\">\n\t\t\t\t\t<a class=\"elementor-button elementor-button-link elementor-size-md\" href=\"https:\/\/besch-it.com\/whistleblower\/\">\n\t\t\t\t\t\t<span class=\"elementor-button-content-wrapper\">\n\t\t\t\t\t\t\t\t\t<span class=\"elementor-button-text\">Mel\u00addung abge\u00adben (Link auf exter\u00adne&nbsp;Seite)<\/span>\n\t\t\t\t\t<\/span>\n\t\t\t\t\t<\/a>\n\t\t\t\t<\/div>\n\t\t\t\t\t\t\t\t<\/div>\n\t\t\t\t<\/div>\n\t\t\t\t\t<\/div>\n\t\t<\/div>\n\t\t\t\t\t<\/div>\n\t\t<\/section>\n\t\t\t\t<\/div>","protected":false},"excerpt":{"rendered":"<p>Willkommen auf dem SKR Hinweisgebersystem \u00dcber dieses Hinweisgebersystem k\u00f6nnen Sie Missst\u00e4nde, insbesondere Verst\u00f6sse gegen das geltende Recht sowie gegen interne Weisungen und Prozesse melden. Dieses Angebot richtet sich an Mitarbeiter und externe Personen, die auf Regelverst\u00f6sse bei der SKR Antriebstechnik GmbH sowie deren Zulieferern und Gesch\u00e4ftspartnern hinweisen m\u00f6chten. Vielen Dank f\u00fcr Ihre Mitarbeit. Meldung abgeben [&hellip;]<\/p>\n","protected":false},"author":3,"featured_media":0,"parent":0,"menu_order":0,"comment_status":"closed","ping_status":"closed","template":"","meta":{"wp_typography_post_enhancements_disabled":false,"site-sidebar-layout":"no-sidebar","site-content-layout":"page-builder","ast-site-content-layout":"default","site-content-style":"default","site-sidebar-style":"default","ast-global-header-display":"","ast-banner-title-visibility":"","ast-main-header-display":"","ast-hfb-above-header-display":"","ast-hfb-below-header-display":"","ast-hfb-mobile-header-display":"","site-post-title":"disabled","ast-breadcrumbs-content":"","ast-featured-img":"disabled","footer-sml-layout":"","theme-transparent-header-meta":"","adv-header-id-meta":"","stick-header-meta":"","header-above-stick-meta":"","header-main-stick-meta":"","header-below-stick-meta":"","astra-migrate-meta-layouts":"default","ast-page-background-enabled":"default","ast-page-background-meta":{"desktop":{"background-color":"var(--ast-global-color-4)","background-image":"","background-repeat":"repeat","background-position":"center center","background-size":"auto","background-attachment":"scroll","background-type":"","background-media":"","overlay-type":"","overlay-color":"","overlay-opacity":"","overlay-gradient":""},"tablet":{"background-color":"","background-image":"","background-repeat":"repeat","background-position":"center center","background-size":"auto","background-attachment":"scroll","background-type":"","background-media":"","overlay-type":"","overlay-color":"","overlay-opacity":"","overlay-gradient":""},"mobile":{"background-color":"","background-image":"","background-repeat":"repeat","background-position":"center center","background-size":"auto","background-attachment":"scroll","background-type":"","background-media":"","overlay-type":"","overlay-color":"","overlay-opacity":"","overlay-gradient":""}},"ast-content-background-meta":{"desktop":{"background-color":"var(--ast-global-color-5)","background-image":"","background-repeat":"repeat","background-position":"center center","background-size":"auto","background-attachment":"scroll","background-type":"","background-media":"","overlay-type":"","overlay-color":"","overlay-opacity":"","overlay-gradient":""},"tablet":{"background-color":"var(--ast-global-color-5)","background-image":"","background-repeat":"repeat","background-position":"center center","background-size":"auto","background-attachment":"scroll","background-type":"","background-media":"","overlay-type":"","overlay-color":"","overlay-opacity":"","overlay-gradient":""},"mobile":{"background-color":"var(--ast-global-color-5)","background-image":"","background-repeat":"repeat","background-position":"center center","background-size":"auto","background-attachment":"scroll","background-type":"","background-media":"","overlay-type":"","overlay-color":"","overlay-opacity":"","overlay-gradient":""}},"footnotes":""},"class_list":["post-5350","page","type-page","status-publish","hentry"],"yoast_head":"<!-- This site is optimized with the Yoast SEO plugin v27.5 - https:\/\/yoast.com\/product\/yoast-seo-wordpress\/ -->\n<title>Hinweisgebersystem - SKR Antriebstechnik GmbH<\/title>\n<meta name=\"robots\" content=\"index, follow, max-snippet:-1, max-image-preview:large, max-video-preview:-1\" \/>\n<link rel=\"canonical\" href=\"https:\/\/www.skr.biz\/en\/hinweisgebersystem\/\" \/>\n<meta property=\"og:locale\" content=\"en_GB\" \/>\n<meta property=\"og:type\" content=\"article\" \/>\n<meta property=\"og:title\" content=\"Hinweisgebersystem - SKR Antriebstechnik GmbH\" \/>\n<meta property=\"og:description\" content=\"Willkommen auf dem SKR Hinweisgebersystem \u00dcber dieses Hinweisgebersystem k\u00f6nnen Sie Missst\u00e4nde, insbesondere Verst\u00f6sse gegen das geltende Recht sowie gegen interne Weisungen und Prozesse melden. Dieses Angebot richtet sich an Mitarbeiter und externe Personen, die auf Regelverst\u00f6sse bei der SKR Antriebstechnik GmbH sowie deren Zulieferern und Gesch\u00e4ftspartnern hinweisen m\u00f6chten. Vielen Dank f\u00fcr Ihre Mitarbeit. Meldung abgeben [&hellip;]\" \/>\n<meta property=\"og:url\" content=\"https:\/\/www.skr.biz\/en\/hinweisgebersystem\/\" \/>\n<meta property=\"og:site_name\" content=\"SKR Antriebstechnik GmbH\" \/>\n<meta property=\"article:modified_time\" content=\"2025-06-30T11:33:16+00:00\" \/>\n<meta name=\"twitter:card\" content=\"summary_large_image\" \/>\n<script type=\"application\/ld+json\" class=\"yoast-schema-graph\">{\"@context\":\"https:\\\/\\\/schema.org\",\"@graph\":[{\"@type\":\"WebPage\",\"@id\":\"https:\\\/\\\/www.skr.biz\\\/hinweisgebersystem\\\/\",\"url\":\"https:\\\/\\\/www.skr.biz\\\/hinweisgebersystem\\\/\",\"name\":\"Hinweisgebersystem - SKR Antriebstechnik GmbH\",\"isPartOf\":{\"@id\":\"https:\\\/\\\/www.skr.biz\\\/#website\"},\"datePublished\":\"2025-06-30T11:31:22+00:00\",\"dateModified\":\"2025-06-30T11:33:16+00:00\",\"breadcrumb\":{\"@id\":\"https:\\\/\\\/www.skr.biz\\\/hinweisgebersystem\\\/#breadcrumb\"},\"inLanguage\":\"en-GB\",\"potentialAction\":[{\"@type\":\"ReadAction\",\"target\":[\"https:\\\/\\\/www.skr.biz\\\/hinweisgebersystem\\\/\"]}]},{\"@type\":\"BreadcrumbList\",\"@id\":\"https:\\\/\\\/www.skr.biz\\\/hinweisgebersystem\\\/#breadcrumb\",\"itemListElement\":[{\"@type\":\"ListItem\",\"position\":1,\"name\":\"Startseite\",\"item\":\"https:\\\/\\\/www.skr.biz\\\/\"},{\"@type\":\"ListItem\",\"position\":2,\"name\":\"Hinweisgebersystem\"}]},{\"@type\":\"WebSite\",\"@id\":\"https:\\\/\\\/www.skr.biz\\\/#website\",\"url\":\"https:\\\/\\\/www.skr.biz\\\/\",\"name\":\"SKR Antriebstechnik GmbH\",\"description\":\"Der Riemenspezialist und eigener Fertigung f\u00fcr die Riemenscheiben\",\"publisher\":{\"@id\":\"https:\\\/\\\/www.skr.biz\\\/#organization\"},\"potentialAction\":[{\"@type\":\"SearchAction\",\"target\":{\"@type\":\"EntryPoint\",\"urlTemplate\":\"https:\\\/\\\/www.skr.biz\\\/?s={search_term_string}\"},\"query-input\":{\"@type\":\"PropertyValueSpecification\",\"valueRequired\":true,\"valueName\":\"search_term_string\"}}],\"inLanguage\":\"en-GB\"},{\"@type\":\"Organization\",\"@id\":\"https:\\\/\\\/www.skr.biz\\\/#organization\",\"name\":\"SKR Antriebstechnik GmbH\",\"url\":\"https:\\\/\\\/www.skr.biz\\\/\",\"logo\":{\"@type\":\"ImageObject\",\"inLanguage\":\"en-GB\",\"@id\":\"https:\\\/\\\/www.skr.biz\\\/#\\\/schema\\\/logo\\\/image\\\/\",\"url\":\"https:\\\/\\\/www.skr.biz\\\/wp-content\\\/uploads\\\/2021\\\/06\\\/Logo-SKR-new.png\",\"contentUrl\":\"https:\\\/\\\/www.skr.biz\\\/wp-content\\\/uploads\\\/2021\\\/06\\\/Logo-SKR-new.png\",\"width\":848,\"height\":866,\"caption\":\"SKR Antriebstechnik GmbH\"},\"image\":{\"@id\":\"https:\\\/\\\/www.skr.biz\\\/#\\\/schema\\\/logo\\\/image\\\/\"}}]}<\/script>\n<!-- \/ Yoast SEO plugin. -->","yoast_head_json":{"title":"Hin\u00adweis\u00adge\u00adber\u00adsys\u00adtem \u2014 SKR Antriebs\u00adtech\u00adnik&nbsp;GmbH","robots":{"index":"index","follow":"follow","max-snippet":"max-snippet:-1","max-image-preview":"max-image-preview:large","max-video-preview":"max-video-preview:-1"},"canonical":"https:\/\/www.skr.biz\/en\/hinweisgebersystem\/","og_locale":"en_GB","og_type":"article","og_title":"Hinweisgebersystem - SKR Antriebstechnik GmbH","og_description":"Willkommen auf dem SKR Hinweisgebersystem \u00dcber dieses Hinweisgebersystem k\u00f6nnen Sie Missst\u00e4nde, insbesondere Verst\u00f6sse gegen das geltende Recht sowie gegen interne Weisungen und Prozesse melden. Dieses Angebot richtet sich an Mitarbeiter und externe Personen, die auf Regelverst\u00f6sse bei der SKR Antriebstechnik GmbH sowie deren Zulieferern und Gesch\u00e4ftspartnern hinweisen m\u00f6chten. Vielen Dank f\u00fcr Ihre Mitarbeit. Meldung abgeben [&hellip;]","og_url":"https:\/\/www.skr.biz\/en\/hinweisgebersystem\/","og_site_name":"SKR Antriebstechnik GmbH","article_modified_time":"2025-06-30T11:33:16+00:00","twitter_card":"summary_large_image","schema":{"@context":"https:\/\/schema.org","@graph":[{"@type":"WebPage","@id":"https:\/\/www.skr.biz\/hinweisgebersystem\/","url":"https:\/\/www.skr.biz\/hinweisgebersystem\/","name":"Hin\u00adweis\u00adge\u00adber\u00adsys\u00adtem \u2014 SKR Antriebs\u00adtech\u00adnik&nbsp;GmbH","isPartOf":{"@id":"https:\/\/www.skr.biz\/#website"},"datePublished":"2025-06-30T11:31:22+00:00","dateModified":"2025-06-30T11:33:16+00:00","breadcrumb":{"@id":"https:\/\/www.skr.biz\/hinweisgebersystem\/#breadcrumb"},"inLanguage":"en-GB","potentialAction":[{"@type":"ReadAction","target":["https:\/\/www.skr.biz\/hinweisgebersystem\/"]}]},{"@type":"BreadcrumbList","@id":"https:\/\/www.skr.biz\/hinweisgebersystem\/#breadcrumb","itemListElement":[{"@type":"ListItem","position":1,"name":"Startseite","item":"https:\/\/www.skr.biz\/"},{"@type":"ListItem","position":2,"name":"Hinweisgebersystem"}]},{"@type":"WebSite","@id":"https:\/\/www.skr.biz\/#website","url":"https:\/\/www.skr.biz\/","name":"SKR Antriebs\u00adtech\u00adnik&nbsp;GmbH","description":"Der Rie\u00admen\u00adspe\u00adzia\u00adlist und eige\u00adner Fer\u00adti\u00adgung f\u00fcr die Riemenscheiben","publisher":{"@id":"https:\/\/www.skr.biz\/#organization"},"potentialAction":[{"@type":"SearchAction","target":{"@type":"EntryPoint","urlTemplate":"https:\/\/www.skr.biz\/?s={search_term_string}"},"query-input":{"@type":"PropertyValueSpecification","valueRequired":true,"valueName":"search_term_string"}}],"inLanguage":"en-GB"},{"@type":"Organization","@id":"https:\/\/www.skr.biz\/#organization","name":"SKR Antriebs\u00adtech\u00adnik&nbsp;GmbH","url":"https:\/\/www.skr.biz\/","logo":{"@type":"ImageObject","inLanguage":"en-GB","@id":"https:\/\/www.skr.biz\/#\/schema\/logo\/image\/","url":"https:\/\/www.skr.biz\/wp-content\/uploads\/2021\/06\/Logo-SKR-new.png","contentUrl":"https:\/\/www.skr.biz\/wp-content\/uploads\/2021\/06\/Logo-SKR-new.png","width":848,"height":866,"caption":"SKR Antriebstechnik GmbH"},"image":{"@id":"https:\/\/www.skr.biz\/#\/schema\/logo\/image\/"}}]}},"_links":{"self":[{"href":"https:\/\/www.skr.biz\/en\/wp-json\/wp\/v2\/pages\/5350","targetHints":{"allow":["GET"]}}],"collection":[{"href":"https:\/\/www.skr.biz\/en\/wp-json\/wp\/v2\/pages"}],"about":[{"href":"https:\/\/www.skr.biz\/en\/wp-json\/wp\/v2\/types\/page"}],"author":[{"embeddable":true,"href":"https:\/\/www.skr.biz\/en\/wp-json\/wp\/v2\/users\/3"}],"replies":[{"embeddable":true,"href":"https:\/\/www.skr.biz\/en\/wp-json\/wp\/v2\/comments?post=5350"}],"version-history":[{"count":5,"href":"https:\/\/www.skr.biz\/en\/wp-json\/wp\/v2\/pages\/5350\/revisions"}],"predecessor-version":[{"id":5355,"href":"https:\/\/www.skr.biz\/en\/wp-json\/wp\/v2\/pages\/5350\/revisions\/5355"}],"wp:attachment":[{"href":"https:\/\/www.skr.biz\/en\/wp-json\/wp\/v2\/media?parent=5350"}],"curies":[{"name":"wp","href":"https:\/\/api.w.org\/{rel}","templated":true}]}}