{"id":760,"date":"2021-06-26T22:17:05","date_gmt":"2021-06-26T20:17:05","guid":{"rendered":"http:\/\/wp11002635.server-he.de\/?page_id=760"},"modified":"2022-04-07T09:02:56","modified_gmt":"2022-04-07T07:02:56","slug":"vorspannmessgeraete","status":"publish","type":"page","link":"https:\/\/www.skr.biz\/en\/produkte\/vorspannmessgeraete\/","title":{"rendered":"Vor\u00adspann\u00admess\u00adge\u00adr\u00e4\u00adte"},"content":{"rendered":"<div data-elementor-type=\"wp-page\" data-elementor-id=\"760\" class=\"elementor elementor-760\" data-elementor-post-type=\"page\">\n\t\t\t\t\t\t<section class=\"elementor-section elementor-top-section elementor-element elementor-element-4c2c559 elementor-section-boxed elementor-section-height-default elementor-section-height-default\" data-id=\"4c2c559\" data-element_type=\"section\" data-e-type=\"section\">\n\t\t\t\t\t\t<div class=\"elementor-container elementor-column-gap-default\">\n\t\t\t\t\t<div class=\"elementor-column elementor-col-50 elementor-top-column elementor-element elementor-element-1a96688\" data-id=\"1a96688\" data-element_type=\"column\" data-e-type=\"column\">\n\t\t\t<div class=\"elementor-widget-wrap elementor-element-populated\">\n\t\t\t\t\t\t<div class=\"elementor-element elementor-element-a142dc5 elementor-widget elementor-widget-gallery\" data-id=\"a142dc5\" data-element_type=\"widget\" data-e-type=\"widget\" data-settings=\"{&quot;columns&quot;:1,&quot;aspect_ratio&quot;:&quot;1:1&quot;,&quot;lazyload&quot;:&quot;yes&quot;,&quot;gallery_layout&quot;:&quot;grid&quot;,&quot;columns_tablet&quot;:2,&quot;columns_mobile&quot;:1,&quot;gap&quot;:{&quot;unit&quot;:&quot;px&quot;,&quot;size&quot;:10,&quot;sizes&quot;:[]},&quot;gap_tablet&quot;:{&quot;unit&quot;:&quot;px&quot;,&quot;size&quot;:10,&quot;sizes&quot;:[]},&quot;gap_mobile&quot;:{&quot;unit&quot;:&quot;px&quot;,&quot;size&quot;:10,&quot;sizes&quot;:[]},&quot;link_to&quot;:&quot;file&quot;,&quot;overlay_background&quot;:&quot;yes&quot;,&quot;content_hover_animation&quot;:&quot;fade-in&quot;}\" data-widget_type=\"gallery.default\">\n\t\t\t\t<div class=\"elementor-widget-container\">\n\t\t\t\t\t\t\t<div class=\"elementor-gallery__container\">\n\t\t\t\t\t\t\t<a class=\"e-gallery-item elementor-gallery-item elementor-animated-content\" href=\"https:\/\/www.skr.biz\/wp-content\/uploads\/2021\/07\/ptg-drive-belts-vsm-image.jpg\" data-elementor-open-lightbox=\"yes\" data-elementor-lightbox-slideshow=\"a142dc5\" data-elementor-lightbox-title=\"ptg-drive-belts-vsm-image\" data-e-action-hash=\"#elementor-action%3Aaction%3Dlightbox%26settings%3DeyJpZCI6MjE3MiwidXJsIjoiaHR0cHM6XC9cL3d3dy5za3IuYml6XC93cC1jb250ZW50XC91cGxvYWRzXC8yMDIxXC8wN1wvcHRnLWRyaXZlLWJlbHRzLXZzbS1pbWFnZS5qcGciLCJzbGlkZXNob3ciOiJhMTQyZGM1In0%3D\">\n\t\t\t\t\t<div class=\"e-gallery-image elementor-gallery-item__image\" data-thumbnail=\"https:\/\/www.skr.biz\/wp-content\/uploads\/2021\/07\/ptg-drive-belts-vsm-image.jpg\" data-width=\"315\" data-height=\"439\" aria-label role=\"img\"><\/div>\n\t\t\t\t\t\t\t\t\t\t\t<div class=\"elementor-gallery-item__overlay\"><\/div>\n\t\t\t\t\t\t\t\t\t\t\t\t\t\t<\/a>\n\t\t\t\t\t<\/div>\n\t\t\t\t\t<\/div>\n\t\t\t\t<\/div>\n\t\t\t\t\t<\/div>\n\t\t<\/div>\n\t\t\t\t<div class=\"elementor-column elementor-col-50 elementor-top-column elementor-element elementor-element-c3b61bd\" data-id=\"c3b61bd\" data-element_type=\"column\" data-e-type=\"column\">\n\t\t\t<div class=\"elementor-widget-wrap elementor-element-populated\">\n\t\t\t\t\t\t<div class=\"elementor-element elementor-element-faafff2 elementor--h-position-center elementor--v-position-middle elementor-arrows-position-inside elementor-pagination-position-inside elementor-invisible elementor-widget elementor-widget-slides\" data-id=\"faafff2\" data-element_type=\"widget\" data-e-type=\"widget\" data-settings=\"{&quot;_animation&quot;:&quot;fadeIn&quot;,&quot;_animation_delay&quot;:600,&quot;navigation&quot;:&quot;both&quot;,&quot;autoplay&quot;:&quot;yes&quot;,&quot;pause_on_hover&quot;:&quot;yes&quot;,&quot;pause_on_interaction&quot;:&quot;yes&quot;,&quot;autoplay_speed&quot;:5000,&quot;infinite&quot;:&quot;yes&quot;,&quot;transition&quot;:&quot;slide&quot;,&quot;transition_speed&quot;:500}\" data-widget_type=\"slides.default\">\n\t\t\t\t<div class=\"elementor-widget-container\">\n\t\t\t\t\t\t\t\t\t<div class=\"elementor-swiper\">\n\t\t\t\t\t<div class=\"elementor-slides-wrapper elementor-main-swiper swiper\" role=\"region\" aria-roledescription=\"carousel\" aria-label=\"Slider\" dir=\"ltr\" data-animation=\"fadeInUp\">\n\t\t\t\t<div class=\"swiper-wrapper elementor-slides\">\n\t\t\t\t\t\t\t\t\t\t<div class=\"elementor-repeater-item-d0a92af swiper-slide\" role=\"group\" aria-roledescription=\"slide\"><div class=\"swiper-slide-bg\" role=\"img\" aria-label=\"optibelt-tt\"><\/div><div class=\"swiper-slide-inner\"><div class=\"swiper-slide-contents\"><\/div><\/div><\/div>\t\t\t\t<\/div>\n\t\t\t\t\t\t\t<\/div>\n\t\t\t\t<\/div>\n\t\t\t\t\t\t\t\t<\/div>\n\t\t\t\t<\/div>\n\t\t\t\t\t<\/div>\n\t\t<\/div>\n\t\t\t\t\t<\/div>\n\t\t<\/section>\n\t\t\t\t<section class=\"elementor-section elementor-top-section elementor-element elementor-element-e892c19 elementor-section-boxed elementor-section-height-default elementor-section-height-default elementor-invisible\" data-id=\"e892c19\" data-element_type=\"section\" data-e-type=\"section\" data-settings=\"{&quot;animation&quot;:&quot;fadeIn&quot;,&quot;animation_delay&quot;:800}\">\n\t\t\t\t\t\t<div class=\"elementor-container elementor-column-gap-default\">\n\t\t\t\t\t<div class=\"elementor-column elementor-col-100 elementor-top-column elementor-element elementor-element-1189f4b\" data-id=\"1189f4b\" data-element_type=\"column\" data-e-type=\"column\">\n\t\t\t<div class=\"elementor-widget-wrap elementor-element-populated\">\n\t\t\t\t\t\t<section class=\"elementor-section elementor-inner-section elementor-element elementor-element-0041783 elementor-section-boxed elementor-section-height-default elementor-section-height-default\" data-id=\"0041783\" data-element_type=\"section\" data-e-type=\"section\">\n\t\t\t\t\t\t<div class=\"elementor-container elementor-column-gap-default\">\n\t\t\t\t\t<div class=\"elementor-column elementor-col-100 elementor-inner-column elementor-element elementor-element-90b19c9\" data-id=\"90b19c9\" data-element_type=\"column\" data-e-type=\"column\">\n\t\t\t<div class=\"elementor-widget-wrap elementor-element-populated\">\n\t\t\t\t\t\t<div class=\"elementor-element elementor-element-6facb1a elementor-widget elementor-widget-heading\" data-id=\"6facb1a\" data-element_type=\"widget\" data-e-type=\"widget\" data-widget_type=\"heading.default\">\n\t\t\t\t<div class=\"elementor-widget-container\">\n\t\t\t\t\t<h2 class=\"elementor-heading-title elementor-size-default\">Vorspannungsmessger\u00e4te<\/h2>\t\t\t\t<\/div>\n\t\t\t\t<\/div>\n\t\t\t\t<div class=\"elementor-element elementor-element-adc39a5 elementor-widget elementor-widget-text-editor\" data-id=\"adc39a5\" data-element_type=\"widget\" data-e-type=\"widget\" data-widget_type=\"text-editor.default\">\n\t\t\t\t<div class=\"elementor-widget-container\">\n\t\t\t\t\t\t\t\t\t<p style=\"text-align: center;\">Die kor\u00adrek\u00adte Vor\u00adspan\u00adnung der Rie\u00admen ist enorm wichtig.<\/p><p style=\"text-align: center;\">Zur zuver\u00adl\u00e4s\u00adsi\u00adgen Mes\u00adsung bie\u00adten wir daher ver\u00adschie\u00adde\u00adne Vorspannungsmessger\u00e4te.<\/p>\t\t\t\t\t\t\t\t<\/div>\n\t\t\t\t<\/div>\n\t\t\t\t\t<\/div>\n\t\t<\/div>\n\t\t\t\t\t<\/div>\n\t\t<\/section>\n\t\t\t\t\t<\/div>\n\t\t<\/div>\n\t\t\t\t\t<\/div>\n\t\t<\/section>\n\t\t\t\t<section class=\"elementor-section elementor-top-section elementor-element elementor-element-b96d832 elementor-section-boxed elementor-section-height-default elementor-section-height-default\" data-id=\"b96d832\" data-element_type=\"section\" data-e-type=\"section\">\n\t\t\t\t\t\t<div class=\"elementor-container elementor-column-gap-default\">\n\t\t\t\t\t<div class=\"elementor-column elementor-col-100 elementor-top-column elementor-element elementor-element-80a026f\" data-id=\"80a026f\" data-element_type=\"column\" data-e-type=\"column\">\n\t\t\t<div class=\"elementor-widget-wrap elementor-element-populated\">\n\t\t\t\t\t\t<div class=\"elementor-element elementor-element-3a858a1 elementor-widget elementor-widget-eael-adv-accordion\" data-id=\"3a858a1\" data-element_type=\"widget\" data-e-type=\"widget\" data-widget_type=\"eael-adv-accordion.default\">\n\t\t\t\t<div class=\"elementor-widget-container\">\n\t\t\t\t\t            <div class=\"eael-adv-accordion\" id=\"eael-adv-accordion-3a858a1\" data-scroll-on-click=\"no\" data-scroll-speed=\"300\" data-accordion-id=\"3a858a1\" data-accordion-type=\"accordion\" data-toogle-speed=\"300\">\n            <div class=\"eael-accordion-list\">\n\t\t\t\t\t<div id=\"contitech-vorspannungsmegerte\" class=\"elementor-tab-title eael-accordion-header\" tabindex=\"0\" data-tab=\"1\" aria-controls=\"elementor-tab-content-6131\"><span class=\"eael-accordion-tab-title\">Con\u00adti\u00adTech Vorspannungsme\u00dfger\u00e4te<\/span><i aria-hidden=\"true\" class=\"fa-toggle fas fa-angle-down\"><\/i><\/div><div id=\"elementor-tab-content-6131\" class=\"eael-accordion-content clearfix\" data-tab=\"1\" aria-labelledby=\"contitech-vorspannungsmegerte\"><p><img fetchpriority=\"high\" decoding=\"async\" class=\"alignleft wp-image-2172\" src=\"https:\/\/www.skr.biz\/wp-content\/uploads\/2021\/07\/ptg-drive-belts-vsm-image-215x300.jpg\" alt width=\"250\" height=\"348\" srcset=\"https:\/\/www.skr.biz\/wp-content\/uploads\/2021\/07\/ptg-drive-belts-vsm-image-215x300.jpg 215w, https:\/\/www.skr.biz\/wp-content\/uploads\/2021\/07\/ptg-drive-belts-vsm-image.jpg 315w\" sizes=\"(max-width: 250px) 100vw, 250px\">Mit den 3 Con\u00adti\u00adTech Vor\u00adspan\u00adnungs\u00adme\u00df\u00adge\u00adr\u00e4\u00adten VSM\u20111, VSM\u20113 und VSM Mini k\u00f6n\u00adnen Sie die Vor\u00adspan\u00adnung von Zahn\u00adrie\u00admen, Keil\u00adrie\u00admen und Keil\u00adrip\u00adpen\u00adrie\u00admen messen.<\/p><\/div>\n\t\t\t\t\t<\/div><div class=\"eael-accordion-list\">\n\t\t\t\t\t<div id=\"optibelt-vorspannungsmegerte\" class=\"elementor-tab-title eael-accordion-header\" tabindex=\"0\" data-tab=\"2\" aria-controls=\"elementor-tab-content-6132\"><span class=\"eael-accordion-tab-title\">Opti\u00adbelt Vorspannungsme\u00dfger\u00e4te<\/span><i aria-hidden=\"true\" class=\"fa-toggle fas fa-angle-down\"><\/i><\/div><div id=\"elementor-tab-content-6132\" class=\"eael-accordion-content clearfix\" data-tab=\"2\" aria-labelledby=\"optibelt-vorspannungsmegerte\"><p><img decoding=\"async\" class=\"alignleft wp-image-2171\" src=\"https:\/\/www.skr.biz\/wp-content\/uploads\/2021\/07\/optibelt-tt-300x103.jpg\" alt width=\"251\" height=\"86\" srcset=\"https:\/\/www.skr.biz\/wp-content\/uploads\/2021\/07\/optibelt-tt-300x103.jpg 300w, https:\/\/www.skr.biz\/wp-content\/uploads\/2021\/07\/optibelt-tt.jpg 700w\" sizes=\"(max-width: 251px) 100vw, 251px\">Das opti\u00adbelt TT Fre\u00adquenz-Mess\u00adge\u00adr\u00e4t dient zur Vor\u00adspan\u00adnungs\u00ad\u00fcber\u00adpr\u00fcfung von Antriebs\u00adrie\u00admen durch Frequenz\u00admessung. Es bie\u00adtet durch sei\u00adne kom\u00adpak\u00adte Bau\u00adform uni\u00adver\u00adsel\u00adle Ein\u00adsatz\u00adm\u00f6g\u00adlich\u00adkei\u00adten f\u00fcr Antrie\u00adbe im Ma\u00adschi\u00adnenbau, in der Kfz-Indus\u00adtrie und f\u00fcr vie\u00adle wei\u00adte\u00adre tech\u00adni\u00adsche Anwendungen.<\/p><\/div>\n\t\t\t\t\t<\/div><\/div>\t\t\t\t<\/div>\n\t\t\t\t<\/div>\n\t\t\t\t\t<\/div>\n\t\t<\/div>\n\t\t\t\t\t<\/div>\n\t\t<\/section>\n\t\t\t\t<\/div>","protected":false},"excerpt":{"rendered":"<p>Vorspannungsmessger\u00e4te Die korrekte Vorspannung der Riemen ist enorm wichtig. Zur zuverl\u00e4ssigen Messung bieten wir daher verschiedene Vorspannungsmessger\u00e4te. ContiTech Vorspannungsme\u00dfger\u00e4te Mit den 3 ContiTech Vorspannungsme\u00dfger\u00e4ten VSM-1, VSM-3 und VSM Mini k\u00f6nnen Sie die Vorspannung von Zahnriemen, Keilriemen und Keilrippenriemen messen. Optibelt Vorspannungsme\u00dfger\u00e4te Das optibelt TT Frequenz-Messger\u00e4t dient zur Vor\u00adspan\u00adnungs\u00ad\u00fcber\u00adpr\u00fcfung von Antriebsriemen durch Frequenz\u00admessung. Es bietet durch [&hellip;]<\/p>\n","protected":false},"author":3,"featured_media":0,"parent":91,"menu_order":0,"comment_status":"closed","ping_status":"closed","template":"","meta":{"wp_typography_post_enhancements_disabled":false,"site-sidebar-layout":"no-sidebar","site-content-layout":"page-builder","ast-site-content-layout":"default","site-content-style":"default","site-sidebar-style":"default","ast-global-header-display":"","ast-banner-title-visibility":"","ast-main-header-display":"","ast-hfb-above-header-display":"","ast-hfb-below-header-display":"","ast-hfb-mobile-header-display":"","site-post-title":"disabled","ast-breadcrumbs-content":"","ast-featured-img":"disabled","footer-sml-layout":"","theme-transparent-header-meta":"default","adv-header-id-meta":"","stick-header-meta":"default","header-above-stick-meta":"","header-main-stick-meta":"","header-below-stick-meta":"","astra-migrate-meta-layouts":"default","ast-page-background-enabled":"default","ast-page-background-meta":{"desktop":{"background-color":"var(--ast-global-color-4)","background-image":"","background-repeat":"repeat","background-position":"center center","background-size":"auto","background-attachment":"scroll","background-type":"","background-media":"","overlay-type":"","overlay-color":"","overlay-opacity":"","overlay-gradient":""},"tablet":{"background-color":"","background-image":"","background-repeat":"repeat","background-position":"center center","background-size":"auto","background-attachment":"scroll","background-type":"","background-media":"","overlay-type":"","overlay-color":"","overlay-opacity":"","overlay-gradient":""},"mobile":{"background-color":"","background-image":"","background-repeat":"repeat","background-position":"center center","background-size":"auto","background-attachment":"scroll","background-type":"","background-media":"","overlay-type":"","overlay-color":"","overlay-opacity":"","overlay-gradient":""}},"ast-content-background-meta":{"desktop":{"background-color":"var(--ast-global-color-5)","background-image":"","background-repeat":"repeat","background-position":"center center","background-size":"auto","background-attachment":"scroll","background-type":"","background-media":"","overlay-type":"","overlay-color":"","overlay-opacity":"","overlay-gradient":""},"tablet":{"background-color":"var(--ast-global-color-5)","background-image":"","background-repeat":"repeat","background-position":"center center","background-size":"auto","background-attachment":"scroll","background-type":"","background-media":"","overlay-type":"","overlay-color":"","overlay-opacity":"","overlay-gradient":""},"mobile":{"background-color":"var(--ast-global-color-5)","background-image":"","background-repeat":"repeat","background-position":"center center","background-size":"auto","background-attachment":"scroll","background-type":"","background-media":"","overlay-type":"","overlay-color":"","overlay-opacity":"","overlay-gradient":""}},"footnotes":""},"class_list":["post-760","page","type-page","status-publish","hentry"],"yoast_head":"<!-- This site is optimized with the Yoast SEO plugin v27.4 - https:\/\/yoast.com\/product\/yoast-seo-wordpress\/ -->\n<title>Vorspannmessger\u00e4te - SKR Antriebstechnik GmbH<\/title>\n<meta name=\"robots\" content=\"index, follow, max-snippet:-1, max-image-preview:large, max-video-preview:-1\" \/>\n<link rel=\"canonical\" href=\"https:\/\/www.skr.biz\/en\/produkte\/vorspannmessgeraete\/\" \/>\n<meta property=\"og:locale\" content=\"en_GB\" \/>\n<meta property=\"og:type\" content=\"article\" \/>\n<meta property=\"og:title\" content=\"Vorspannmessger\u00e4te - SKR Antriebstechnik GmbH\" \/>\n<meta property=\"og:description\" content=\"Vorspannungsmessger\u00e4te Die korrekte Vorspannung der Riemen ist enorm wichtig. Zur zuverl\u00e4ssigen Messung bieten wir daher verschiedene Vorspannungsmessger\u00e4te. ContiTech Vorspannungsme\u00dfger\u00e4te Mit den 3 ContiTech Vorspannungsme\u00dfger\u00e4ten VSM-1, VSM-3 und VSM Mini k\u00f6nnen Sie die Vorspannung von Zahnriemen, Keilriemen und Keilrippenriemen messen. Optibelt Vorspannungsme\u00dfger\u00e4te Das optibelt TT Frequenz-Messger\u00e4t dient zur Vor\u00adspan\u00adnungs\u00ad\u00fcber\u00adpr\u00fcfung von Antriebsriemen durch Frequenz\u00admessung. Es bietet durch [&hellip;]\" \/>\n<meta property=\"og:url\" content=\"https:\/\/www.skr.biz\/en\/produkte\/vorspannmessgeraete\/\" \/>\n<meta property=\"og:site_name\" content=\"SKR Antriebstechnik GmbH\" \/>\n<meta property=\"article:modified_time\" content=\"2022-04-07T07:02:56+00:00\" \/>\n<meta property=\"og:image\" content=\"https:\/\/www.skr.biz\/wp-content\/uploads\/2021\/07\/ptg-drive-belts-vsm-image-215x300.jpg\" \/>\n<meta name=\"twitter:card\" content=\"summary_large_image\" \/>\n<meta name=\"twitter:label1\" content=\"Estimated reading time\" \/>\n\t<meta name=\"twitter:data1\" content=\"1 minute\" \/>\n<script type=\"application\/ld+json\" class=\"yoast-schema-graph\">{\"@context\":\"https:\\\/\\\/schema.org\",\"@graph\":[{\"@type\":\"WebPage\",\"@id\":\"https:\\\/\\\/www.skr.biz\\\/produkte\\\/vorspannmessgeraete\\\/\",\"url\":\"https:\\\/\\\/www.skr.biz\\\/produkte\\\/vorspannmessgeraete\\\/\",\"name\":\"Vorspannmessger\u00e4te - SKR Antriebstechnik GmbH\",\"isPartOf\":{\"@id\":\"https:\\\/\\\/www.skr.biz\\\/#website\"},\"primaryImageOfPage\":{\"@id\":\"https:\\\/\\\/www.skr.biz\\\/produkte\\\/vorspannmessgeraete\\\/#primaryimage\"},\"image\":{\"@id\":\"https:\\\/\\\/www.skr.biz\\\/produkte\\\/vorspannmessgeraete\\\/#primaryimage\"},\"thumbnailUrl\":\"https:\\\/\\\/www.skr.biz\\\/wp-content\\\/uploads\\\/2021\\\/07\\\/ptg-drive-belts-vsm-image-215x300.jpg\",\"datePublished\":\"2021-06-26T20:17:05+00:00\",\"dateModified\":\"2022-04-07T07:02:56+00:00\",\"breadcrumb\":{\"@id\":\"https:\\\/\\\/www.skr.biz\\\/produkte\\\/vorspannmessgeraete\\\/#breadcrumb\"},\"inLanguage\":\"en-GB\",\"potentialAction\":[{\"@type\":\"ReadAction\",\"target\":[\"https:\\\/\\\/www.skr.biz\\\/produkte\\\/vorspannmessgeraete\\\/\"]}]},{\"@type\":\"ImageObject\",\"inLanguage\":\"en-GB\",\"@id\":\"https:\\\/\\\/www.skr.biz\\\/produkte\\\/vorspannmessgeraete\\\/#primaryimage\",\"url\":\"https:\\\/\\\/www.skr.biz\\\/wp-content\\\/uploads\\\/2021\\\/07\\\/ptg-drive-belts-vsm-image-215x300.jpg\",\"contentUrl\":\"https:\\\/\\\/www.skr.biz\\\/wp-content\\\/uploads\\\/2021\\\/07\\\/ptg-drive-belts-vsm-image-215x300.jpg\"},{\"@type\":\"BreadcrumbList\",\"@id\":\"https:\\\/\\\/www.skr.biz\\\/produkte\\\/vorspannmessgeraete\\\/#breadcrumb\",\"itemListElement\":[{\"@type\":\"ListItem\",\"position\":1,\"name\":\"Startseite\",\"item\":\"https:\\\/\\\/www.skr.biz\\\/\"},{\"@type\":\"ListItem\",\"position\":2,\"name\":\"Produkte\",\"item\":\"https:\\\/\\\/www.skr.biz\\\/produkte\\\/\"},{\"@type\":\"ListItem\",\"position\":3,\"name\":\"Vorspannmessger\u00e4te\"}]},{\"@type\":\"WebSite\",\"@id\":\"https:\\\/\\\/www.skr.biz\\\/#website\",\"url\":\"https:\\\/\\\/www.skr.biz\\\/\",\"name\":\"SKR Antriebstechnik GmbH\",\"description\":\"Der Riemenspezialist und eigener Fertigung f\u00fcr die Riemenscheiben\",\"publisher\":{\"@id\":\"https:\\\/\\\/www.skr.biz\\\/#organization\"},\"potentialAction\":[{\"@type\":\"SearchAction\",\"target\":{\"@type\":\"EntryPoint\",\"urlTemplate\":\"https:\\\/\\\/www.skr.biz\\\/?s={search_term_string}\"},\"query-input\":{\"@type\":\"PropertyValueSpecification\",\"valueRequired\":true,\"valueName\":\"search_term_string\"}}],\"inLanguage\":\"en-GB\"},{\"@type\":\"Organization\",\"@id\":\"https:\\\/\\\/www.skr.biz\\\/#organization\",\"name\":\"SKR Antriebstechnik GmbH\",\"url\":\"https:\\\/\\\/www.skr.biz\\\/\",\"logo\":{\"@type\":\"ImageObject\",\"inLanguage\":\"en-GB\",\"@id\":\"https:\\\/\\\/www.skr.biz\\\/#\\\/schema\\\/logo\\\/image\\\/\",\"url\":\"https:\\\/\\\/www.skr.biz\\\/wp-content\\\/uploads\\\/2021\\\/06\\\/Logo-SKR-new.png\",\"contentUrl\":\"https:\\\/\\\/www.skr.biz\\\/wp-content\\\/uploads\\\/2021\\\/06\\\/Logo-SKR-new.png\",\"width\":848,\"height\":866,\"caption\":\"SKR Antriebstechnik GmbH\"},\"image\":{\"@id\":\"https:\\\/\\\/www.skr.biz\\\/#\\\/schema\\\/logo\\\/image\\\/\"}}]}<\/script>\n<!-- \/ Yoast SEO plugin. -->","yoast_head_json":{"title":"Vor\u00adspann\u00admess\u00adge\u00adr\u00e4\u00adte \u2014 SKR Antriebs\u00adtech\u00adnik&nbsp;GmbH","robots":{"index":"index","follow":"follow","max-snippet":"max-snippet:-1","max-image-preview":"max-image-preview:large","max-video-preview":"max-video-preview:-1"},"canonical":"https:\/\/www.skr.biz\/en\/produkte\/vorspannmessgeraete\/","og_locale":"en_GB","og_type":"article","og_title":"Vorspannmessger\u00e4te - SKR Antriebstechnik GmbH","og_description":"Vorspannungsmessger\u00e4te Die korrekte Vorspannung der Riemen ist enorm wichtig. Zur zuverl\u00e4ssigen Messung bieten wir daher verschiedene Vorspannungsmessger\u00e4te. ContiTech Vorspannungsme\u00dfger\u00e4te Mit den 3 ContiTech Vorspannungsme\u00dfger\u00e4ten VSM-1, VSM-3 und VSM Mini k\u00f6nnen Sie die Vorspannung von Zahnriemen, Keilriemen und Keilrippenriemen messen. Optibelt Vorspannungsme\u00dfger\u00e4te Das optibelt TT Frequenz-Messger\u00e4t dient zur Vor\u00adspan\u00adnungs\u00ad\u00fcber\u00adpr\u00fcfung von Antriebsriemen durch Frequenz\u00admessung. Es bietet durch [&hellip;]","og_url":"https:\/\/www.skr.biz\/en\/produkte\/vorspannmessgeraete\/","og_site_name":"SKR Antriebstechnik GmbH","article_modified_time":"2022-04-07T07:02:56+00:00","og_image":[{"url":"https:\/\/www.skr.biz\/wp-content\/uploads\/2021\/07\/ptg-drive-belts-vsm-image-215x300.jpg","type":"","width":"","height":""}],"twitter_card":"summary_large_image","twitter_misc":{"Estimated reading time":"1 minute"},"schema":{"@context":"https:\/\/schema.org","@graph":[{"@type":"WebPage","@id":"https:\/\/www.skr.biz\/produkte\/vorspannmessgeraete\/","url":"https:\/\/www.skr.biz\/produkte\/vorspannmessgeraete\/","name":"Vor\u00adspann\u00admess\u00adge\u00adr\u00e4\u00adte \u2014 SKR Antriebs\u00adtech\u00adnik&nbsp;GmbH","isPartOf":{"@id":"https:\/\/www.skr.biz\/#website"},"primaryImageOfPage":{"@id":"https:\/\/www.skr.biz\/produkte\/vorspannmessgeraete\/#primaryimage"},"image":{"@id":"https:\/\/www.skr.biz\/produkte\/vorspannmessgeraete\/#primaryimage"},"thumbnailUrl":"https:\/\/www.skr.biz\/wp-content\/uploads\/2021\/07\/ptg-drive-belts-vsm-image-215x300.jpg","datePublished":"2021-06-26T20:17:05+00:00","dateModified":"2022-04-07T07:02:56+00:00","breadcrumb":{"@id":"https:\/\/www.skr.biz\/produkte\/vorspannmessgeraete\/#breadcrumb"},"inLanguage":"en-GB","potentialAction":[{"@type":"ReadAction","target":["https:\/\/www.skr.biz\/produkte\/vorspannmessgeraete\/"]}]},{"@type":"ImageObject","inLanguage":"en-GB","@id":"https:\/\/www.skr.biz\/produkte\/vorspannmessgeraete\/#primaryimage","url":"https:\/\/www.skr.biz\/wp-content\/uploads\/2021\/07\/ptg-drive-belts-vsm-image-215x300.jpg","contentUrl":"https:\/\/www.skr.biz\/wp-content\/uploads\/2021\/07\/ptg-drive-belts-vsm-image-215x300.jpg"},{"@type":"BreadcrumbList","@id":"https:\/\/www.skr.biz\/produkte\/vorspannmessgeraete\/#breadcrumb","itemListElement":[{"@type":"ListItem","position":1,"name":"Startseite","item":"https:\/\/www.skr.biz\/"},{"@type":"ListItem","position":2,"name":"Produkte","item":"https:\/\/www.skr.biz\/produkte\/"},{"@type":"ListItem","position":3,"name":"Vorspannmessger\u00e4te"}]},{"@type":"WebSite","@id":"https:\/\/www.skr.biz\/#website","url":"https:\/\/www.skr.biz\/","name":"SKR Antriebs\u00adtech\u00adnik&nbsp;GmbH","description":"Der Rie\u00admen\u00adspe\u00adzia\u00adlist und eige\u00adner Fer\u00adti\u00adgung f\u00fcr die Riemenscheiben","publisher":{"@id":"https:\/\/www.skr.biz\/#organization"},"potentialAction":[{"@type":"SearchAction","target":{"@type":"EntryPoint","urlTemplate":"https:\/\/www.skr.biz\/?s={search_term_string}"},"query-input":{"@type":"PropertyValueSpecification","valueRequired":true,"valueName":"search_term_string"}}],"inLanguage":"en-GB"},{"@type":"Organization","@id":"https:\/\/www.skr.biz\/#organization","name":"SKR Antriebs\u00adtech\u00adnik&nbsp;GmbH","url":"https:\/\/www.skr.biz\/","logo":{"@type":"ImageObject","inLanguage":"en-GB","@id":"https:\/\/www.skr.biz\/#\/schema\/logo\/image\/","url":"https:\/\/www.skr.biz\/wp-content\/uploads\/2021\/06\/Logo-SKR-new.png","contentUrl":"https:\/\/www.skr.biz\/wp-content\/uploads\/2021\/06\/Logo-SKR-new.png","width":848,"height":866,"caption":"SKR Antriebstechnik GmbH"},"image":{"@id":"https:\/\/www.skr.biz\/#\/schema\/logo\/image\/"}}]}},"_links":{"self":[{"href":"https:\/\/www.skr.biz\/en\/wp-json\/wp\/v2\/pages\/760","targetHints":{"allow":["GET"]}}],"collection":[{"href":"https:\/\/www.skr.biz\/en\/wp-json\/wp\/v2\/pages"}],"about":[{"href":"https:\/\/www.skr.biz\/en\/wp-json\/wp\/v2\/types\/page"}],"author":[{"embeddable":true,"href":"https:\/\/www.skr.biz\/en\/wp-json\/wp\/v2\/users\/3"}],"replies":[{"embeddable":true,"href":"https:\/\/www.skr.biz\/en\/wp-json\/wp\/v2\/comments?post=760"}],"version-history":[{"count":32,"href":"https:\/\/www.skr.biz\/en\/wp-json\/wp\/v2\/pages\/760\/revisions"}],"predecessor-version":[{"id":4913,"href":"https:\/\/www.skr.biz\/en\/wp-json\/wp\/v2\/pages\/760\/revisions\/4913"}],"up":[{"embeddable":true,"href":"https:\/\/www.skr.biz\/en\/wp-json\/wp\/v2\/pages\/91"}],"wp:attachment":[{"href":"https:\/\/www.skr.biz\/en\/wp-json\/wp\/v2\/media?parent=760"}],"curies":[{"name":"wp","href":"https:\/\/api.w.org\/{rel}","templated":true}]}}