{"id":792,"date":"2021-06-26T22:26:09","date_gmt":"2021-06-26T20:26:09","guid":{"rendered":"http:\/\/wp11002635.server-he.de\/?page_id=792"},"modified":"2025-09-01T15:12:31","modified_gmt":"2025-09-01T13:12:31","slug":"umweltschutz","status":"publish","type":"page","link":"https:\/\/www.skr.biz\/en\/unternehmen\/umweltschutz\/","title":{"rendered":"Umwelt\u00adschutz"},"content":{"rendered":"<div data-elementor-type=\"wp-page\" data-elementor-id=\"792\" class=\"elementor elementor-792\" data-elementor-post-type=\"page\">\n\t\t\t\t\t\t<section class=\"elementor-section elementor-top-section elementor-element elementor-element-18ee43b elementor-section-content-middle elementor-reverse-mobile elementor-section-boxed elementor-section-height-default elementor-section-height-default elementor-invisible\" data-id=\"18ee43b\" data-element_type=\"section\" data-e-type=\"section\" data-settings=\"{&quot;background_background&quot;:&quot;classic&quot;,&quot;animation&quot;:&quot;fadeIn&quot;}\">\n\t\t\t\t\t\t\t<div class=\"elementor-background-overlay\"><\/div>\n\t\t\t\t\t\t\t<div class=\"elementor-container elementor-column-gap-no\">\n\t\t\t\t\t<div class=\"elementor-column elementor-col-50 elementor-top-column elementor-element elementor-element-bb58a86\" data-id=\"bb58a86\" data-element_type=\"column\" data-e-type=\"column\" data-settings=\"{&quot;background_background&quot;:&quot;classic&quot;}\">\n\t\t\t<div class=\"elementor-widget-wrap elementor-element-populated\">\n\t\t\t\t\t<div class=\"elementor-background-overlay\"><\/div>\n\t\t\t\t\t\t<div class=\"elementor-element elementor-element-0910e15 elementor-widget elementor-widget-heading\" data-id=\"0910e15\" data-element_type=\"widget\" data-e-type=\"widget\" data-widget_type=\"heading.default\">\n\t\t\t\t<div class=\"elementor-widget-container\">\n\t\t\t\t\t<h2 class=\"elementor-heading-title elementor-size-default\">Nachhaltige Fertigung <\/h2>\t\t\t\t<\/div>\n\t\t\t\t<\/div>\n\t\t\t\t<div class=\"elementor-element elementor-element-3121d90 klein elementor-widget elementor-widget-heading\" data-id=\"3121d90\" data-element_type=\"widget\" data-e-type=\"widget\" data-widget_type=\"heading.default\">\n\t\t\t\t<div class=\"elementor-widget-container\">\n\t\t\t\t\t<h2 class=\"elementor-heading-title elementor-size-default\">Wir produzieren Ihre Teile mit Sonnenenergie<\/h2>\t\t\t\t<\/div>\n\t\t\t\t<\/div>\n\t\t\t\t<div class=\"elementor-element elementor-element-55b71cd elementor-widget elementor-widget-text-editor\" data-id=\"55b71cd\" data-element_type=\"widget\" data-e-type=\"widget\" data-widget_type=\"text-editor.default\">\n\t\t\t\t<div class=\"elementor-widget-container\">\n\t\t\t\t\t\t\t\t\t<p>Unser Unter\u00adneh\u00admens\u00adsitz befin\u00addet sich im land\u00adschaft\u00adlich \u00e4u\u00dferst reiz\u00advol\u00adlen Bio\u00adsph\u00e4\u00adren\u00adge\u00adbiet der Schw\u00e4\u00adbi\u00adschen Alb: im Luft\u00adkur\u00adort Goma\u00addin\u00adgen. Natur\u00adver\u00adbun\u00adden\u00adheit hat bei SKR daher Tra\u00addi\u00adti\u00adon und Umwelt\u00adschutz spielt eine wich\u00adti\u00adge Rol\u00adle. Das zeigt sich unter ande\u00adrem dar\u00adan, wie unser Fir\u00admen\u00adge\u00adb\u00e4u\u00adde kon\u00adzi\u00adpiert ist. Unse\u00adre Hei\u00adzung wird bei\u00adspiels\u00adwei\u00adse aus\u00adschlie\u00df\u00adlich mit dem bio\u00adge\u00adnen Ener\u00adgie\u00adtr\u00e4\u00adger Holz\u00adhack\u00adschnit\u00adzel betrie\u00adben, des\u00adsen CO<sub>2<\/sub>-Aus\u00adsto\u00df deut\u00adlich unter dem von Heiz\u00ad\u00f6l liegt. Im gesam\u00adten Geb\u00e4u\u00adde \u2013 auch in der Fer\u00adti\u00adgungs\u00adhal\u00adle \u2013 ist des\u00adhalb eine Fu\u00df\u00adbo\u00adden\u00adhei\u00adzung installiert.<\/p><p>Regen\u00adwas\u00adser sam\u00admeln wir in einer Zis\u00adter\u00adne und der Anteil, den wir nicht ver\u00adwen\u00adden, ver\u00adsi\u00adckert voll\u00adst\u00e4n\u00addig auf unse\u00adrem Grund\u00adst\u00fcck. Zudem haben wir auf unse\u00adrem Dach auf einer Fl\u00e4\u00adche von mehr als 650 Qua\u00addrat\u00adme\u00adtern Pho\u00adto\u00advol\u00adta\u00adik-Modu\u00adle mon\u00adtiert. Sie erzeu\u00adgen so viel Strom, dass sogar mehr als unser Tages\u00adstrom\u00adbe\u00addarf gedeckt ist. Die Tei\u00adle, die Sie bei SKR in Auf\u00adtrag geben, ent\u00adste\u00adhen also mit umwelt\u00adfreund\u00adli\u00adcher Son\u00adnen\u00aden\u00ader\u00adgie. Pro Jahr ver\u00admei\u00adden wir dadurch \u00fcber 70.000 kg CO<sub>2.<\/sub><\/p><p>\u00dcber\u00addies r\u00fcs\u00adten wir unse\u00adren Fuhr\u00adpark bereits nach und nach auf Elek\u00adtro\u00adfahr\u00adzeu\u00adge um. Somit leis\u00adtet SKR ins\u00adge\u00adsamt einen wirk\u00adsa\u00admen \u00f6ko\u00adlo\u00adgi\u00adschen Beitrag.<\/p>\t\t\t\t\t\t\t\t<\/div>\n\t\t\t\t<\/div>\n\t\t\t\t\t<\/div>\n\t\t<\/div>\n\t\t\t\t<div class=\"elementor-column elementor-col-50 elementor-top-column elementor-element elementor-element-ab6f225\" data-id=\"ab6f225\" data-element_type=\"column\" data-e-type=\"column\">\n\t\t\t<div class=\"elementor-widget-wrap elementor-element-populated\">\n\t\t\t\t\t\t<div class=\"elementor-element elementor-element-8257b3f elementor--h-position-center elementor--v-position-middle elementor-arrows-position-inside elementor-pagination-position-inside elementor-widget elementor-widget-slides\" data-id=\"8257b3f\" data-element_type=\"widget\" data-e-type=\"widget\" data-settings=\"{&quot;navigation&quot;:&quot;both&quot;,&quot;autoplay&quot;:&quot;yes&quot;,&quot;pause_on_hover&quot;:&quot;yes&quot;,&quot;pause_on_interaction&quot;:&quot;yes&quot;,&quot;autoplay_speed&quot;:5000,&quot;infinite&quot;:&quot;yes&quot;,&quot;transition&quot;:&quot;slide&quot;,&quot;transition_speed&quot;:500}\" data-widget_type=\"slides.default\">\n\t\t\t\t<div class=\"elementor-widget-container\">\n\t\t\t\t\t\t\t\t\t<div class=\"elementor-swiper\">\n\t\t\t\t\t<div class=\"elementor-slides-wrapper elementor-main-swiper swiper\" role=\"region\" aria-roledescription=\"carousel\" aria-label=\"Slider\" dir=\"ltr\" data-animation=\"fadeInUp\">\n\t\t\t\t<div class=\"swiper-wrapper elementor-slides\">\n\t\t\t\t\t\t\t\t\t\t<div class=\"elementor-repeater-item-feaebf8 swiper-slide\" role=\"group\" aria-roledescription=\"slide\"><div class=\"swiper-slide-bg\" role=\"img\" aria-label=\"Umwelt Foto 20.08.21, 10 59 04\"><\/div><div class=\"swiper-slide-inner\"><div class=\"swiper-slide-contents\"><\/div><\/div><\/div><div class=\"elementor-repeater-item-9105440 swiper-slide\" role=\"group\" aria-roledescription=\"slide\"><div class=\"swiper-slide-bg\" role=\"img\" aria-label=\"panel, solar, power-2562240.jpg\"><\/div><div class=\"swiper-slide-inner\"><div class=\"swiper-slide-contents\"><\/div><\/div><\/div><div class=\"elementor-repeater-item-d1bad6d swiper-slide\" role=\"group\" aria-roledescription=\"slide\"><div class=\"swiper-slide-bg\" role=\"img\" aria-label=\"Unternehmen Umwelt Foto 20.08.21, 10 55 57\"><\/div><div class=\"swiper-slide-inner\"><div class=\"swiper-slide-contents\"><\/div><\/div><\/div>\t\t\t\t<\/div>\n\t\t\t\t\t\t\t\t\t\t\t\t\t\t\t<div class=\"elementor-swiper-button elementor-swiper-button-prev\" role=\"button\" tabindex=\"0\" aria-label=\"Previous slide\">\n\t\t\t\t\t\t\t<i aria-hidden=\"true\" class=\"eicon-chevron-left\"><\/i>\t\t\t\t\t\t<\/div>\n\t\t\t\t\t\t<div class=\"elementor-swiper-button elementor-swiper-button-next\" role=\"button\" tabindex=\"0\" aria-label=\"Next slide\">\n\t\t\t\t\t\t\t<i aria-hidden=\"true\" class=\"eicon-chevron-right\"><\/i>\t\t\t\t\t\t<\/div>\n\t\t\t\t\t\t\t\t\t\t\t\t\t\t\t\t<div class=\"swiper-pagination\"><\/div>\n\t\t\t\t\t\t\t\t\t\t\t\t<\/div>\n\t\t\t\t<\/div>\n\t\t\t\t\t\t\t\t<\/div>\n\t\t\t\t<\/div>\n\t\t\t\t\t<\/div>\n\t\t<\/div>\n\t\t\t\t\t<\/div>\n\t\t<\/section>\n\t\t\t\t<\/div>","protected":false},"excerpt":{"rendered":"<p>Nachhaltige Fertigung Wir produzieren Ihre Teile mit Sonnenenergie Unser Unternehmenssitz befindet sich im landschaftlich \u00e4u\u00dferst reizvollen Biosph\u00e4rengebiet der Schw\u00e4bischen Alb: im Luftkurort Gomadingen. Naturverbundenheit hat bei SKR daher Tradition und Umweltschutz spielt eine wichtige Rolle. Das zeigt sich unter anderem daran, wie unser Firmengeb\u00e4ude konzipiert ist. Unsere Heizung wird beispielsweise ausschlie\u00dflich mit dem biogenen Energietr\u00e4ger [&hellip;]<\/p>\n","protected":false},"author":3,"featured_media":0,"parent":89,"menu_order":0,"comment_status":"closed","ping_status":"closed","template":"","meta":{"wp_typography_post_enhancements_disabled":false,"site-sidebar-layout":"no-sidebar","site-content-layout":"page-builder","ast-site-content-layout":"default","site-content-style":"default","site-sidebar-style":"default","ast-global-header-display":"","ast-banner-title-visibility":"","ast-main-header-display":"","ast-hfb-above-header-display":"","ast-hfb-below-header-display":"","ast-hfb-mobile-header-display":"","site-post-title":"disabled","ast-breadcrumbs-content":"","ast-featured-img":"disabled","footer-sml-layout":"","theme-transparent-header-meta":"default","adv-header-id-meta":"","stick-header-meta":"default","header-above-stick-meta":"","header-main-stick-meta":"","header-below-stick-meta":"","astra-migrate-meta-layouts":"default","ast-page-background-enabled":"default","ast-page-background-meta":{"desktop":{"background-color":"var(--ast-global-color-4)","background-image":"","background-repeat":"repeat","background-position":"center center","background-size":"auto","background-attachment":"scroll","background-type":"","background-media":"","overlay-type":"","overlay-color":"","overlay-opacity":"","overlay-gradient":""},"tablet":{"background-color":"","background-image":"","background-repeat":"repeat","background-position":"center center","background-size":"auto","background-attachment":"scroll","background-type":"","background-media":"","overlay-type":"","overlay-color":"","overlay-opacity":"","overlay-gradient":""},"mobile":{"background-color":"","background-image":"","background-repeat":"repeat","background-position":"center center","background-size":"auto","background-attachment":"scroll","background-type":"","background-media":"","overlay-type":"","overlay-color":"","overlay-opacity":"","overlay-gradient":""}},"ast-content-background-meta":{"desktop":{"background-color":"var(--ast-global-color-5)","background-image":"","background-repeat":"repeat","background-position":"center center","background-size":"auto","background-attachment":"scroll","background-type":"","background-media":"","overlay-type":"","overlay-color":"","overlay-opacity":"","overlay-gradient":""},"tablet":{"background-color":"var(--ast-global-color-5)","background-image":"","background-repeat":"repeat","background-position":"center center","background-size":"auto","background-attachment":"scroll","background-type":"","background-media":"","overlay-type":"","overlay-color":"","overlay-opacity":"","overlay-gradient":""},"mobile":{"background-color":"var(--ast-global-color-5)","background-image":"","background-repeat":"repeat","background-position":"center center","background-size":"auto","background-attachment":"scroll","background-type":"","background-media":"","overlay-type":"","overlay-color":"","overlay-opacity":"","overlay-gradient":""}},"footnotes":""},"class_list":["post-792","page","type-page","status-publish","hentry"],"yoast_head":"<!-- This site is optimized with the Yoast SEO plugin v27.5 - https:\/\/yoast.com\/product\/yoast-seo-wordpress\/ -->\n<title>Umweltschutz - SKR Antriebstechnik GmbH<\/title>\n<meta name=\"robots\" content=\"index, follow, max-snippet:-1, max-image-preview:large, max-video-preview:-1\" \/>\n<link rel=\"canonical\" href=\"https:\/\/www.skr.biz\/en\/unternehmen\/umweltschutz\/\" \/>\n<meta property=\"og:locale\" content=\"en_GB\" \/>\n<meta property=\"og:type\" content=\"article\" \/>\n<meta property=\"og:title\" content=\"Umweltschutz - SKR Antriebstechnik GmbH\" \/>\n<meta property=\"og:description\" content=\"Nachhaltige Fertigung Wir produzieren Ihre Teile mit Sonnenenergie Unser Unternehmenssitz befindet sich im landschaftlich \u00e4u\u00dferst reizvollen Biosph\u00e4rengebiet der Schw\u00e4bischen Alb: im Luftkurort Gomadingen. Naturverbundenheit hat bei SKR daher Tradition und Umweltschutz spielt eine wichtige Rolle. Das zeigt sich unter anderem daran, wie unser Firmengeb\u00e4ude konzipiert ist. Unsere Heizung wird beispielsweise ausschlie\u00dflich mit dem biogenen Energietr\u00e4ger [&hellip;]\" \/>\n<meta property=\"og:url\" content=\"https:\/\/www.skr.biz\/en\/unternehmen\/umweltschutz\/\" \/>\n<meta property=\"og:site_name\" content=\"SKR Antriebstechnik GmbH\" \/>\n<meta property=\"article:modified_time\" content=\"2025-09-01T13:12:31+00:00\" \/>\n<meta name=\"twitter:card\" content=\"summary_large_image\" \/>\n<meta name=\"twitter:label1\" content=\"Estimated reading time\" \/>\n\t<meta name=\"twitter:data1\" content=\"1 minute\" \/>\n<script type=\"application\/ld+json\" class=\"yoast-schema-graph\">{\"@context\":\"https:\\\/\\\/schema.org\",\"@graph\":[{\"@type\":\"WebPage\",\"@id\":\"https:\\\/\\\/www.skr.biz\\\/unternehmen\\\/umweltschutz\\\/\",\"url\":\"https:\\\/\\\/www.skr.biz\\\/unternehmen\\\/umweltschutz\\\/\",\"name\":\"Umweltschutz - SKR Antriebstechnik GmbH\",\"isPartOf\":{\"@id\":\"https:\\\/\\\/www.skr.biz\\\/#website\"},\"datePublished\":\"2021-06-26T20:26:09+00:00\",\"dateModified\":\"2025-09-01T13:12:31+00:00\",\"breadcrumb\":{\"@id\":\"https:\\\/\\\/www.skr.biz\\\/unternehmen\\\/umweltschutz\\\/#breadcrumb\"},\"inLanguage\":\"en-GB\",\"potentialAction\":[{\"@type\":\"ReadAction\",\"target\":[\"https:\\\/\\\/www.skr.biz\\\/unternehmen\\\/umweltschutz\\\/\"]}]},{\"@type\":\"BreadcrumbList\",\"@id\":\"https:\\\/\\\/www.skr.biz\\\/unternehmen\\\/umweltschutz\\\/#breadcrumb\",\"itemListElement\":[{\"@type\":\"ListItem\",\"position\":1,\"name\":\"Startseite\",\"item\":\"https:\\\/\\\/www.skr.biz\\\/\"},{\"@type\":\"ListItem\",\"position\":2,\"name\":\"Unternehmen\",\"item\":\"https:\\\/\\\/www.skr.biz\\\/unternehmen\\\/\"},{\"@type\":\"ListItem\",\"position\":3,\"name\":\"Umweltschutz\"}]},{\"@type\":\"WebSite\",\"@id\":\"https:\\\/\\\/www.skr.biz\\\/#website\",\"url\":\"https:\\\/\\\/www.skr.biz\\\/\",\"name\":\"SKR Antriebstechnik GmbH\",\"description\":\"Der Riemenspezialist und eigener Fertigung f\u00fcr die Riemenscheiben\",\"publisher\":{\"@id\":\"https:\\\/\\\/www.skr.biz\\\/#organization\"},\"potentialAction\":[{\"@type\":\"SearchAction\",\"target\":{\"@type\":\"EntryPoint\",\"urlTemplate\":\"https:\\\/\\\/www.skr.biz\\\/?s={search_term_string}\"},\"query-input\":{\"@type\":\"PropertyValueSpecification\",\"valueRequired\":true,\"valueName\":\"search_term_string\"}}],\"inLanguage\":\"en-GB\"},{\"@type\":\"Organization\",\"@id\":\"https:\\\/\\\/www.skr.biz\\\/#organization\",\"name\":\"SKR Antriebstechnik GmbH\",\"url\":\"https:\\\/\\\/www.skr.biz\\\/\",\"logo\":{\"@type\":\"ImageObject\",\"inLanguage\":\"en-GB\",\"@id\":\"https:\\\/\\\/www.skr.biz\\\/#\\\/schema\\\/logo\\\/image\\\/\",\"url\":\"https:\\\/\\\/www.skr.biz\\\/wp-content\\\/uploads\\\/2021\\\/06\\\/Logo-SKR-new.png\",\"contentUrl\":\"https:\\\/\\\/www.skr.biz\\\/wp-content\\\/uploads\\\/2021\\\/06\\\/Logo-SKR-new.png\",\"width\":848,\"height\":866,\"caption\":\"SKR Antriebstechnik GmbH\"},\"image\":{\"@id\":\"https:\\\/\\\/www.skr.biz\\\/#\\\/schema\\\/logo\\\/image\\\/\"}}]}<\/script>\n<!-- \/ Yoast SEO plugin. -->","yoast_head_json":{"title":"Umwelt\u00adschutz \u2014 SKR Antriebs\u00adtech\u00adnik&nbsp;GmbH","robots":{"index":"index","follow":"follow","max-snippet":"max-snippet:-1","max-image-preview":"max-image-preview:large","max-video-preview":"max-video-preview:-1"},"canonical":"https:\/\/www.skr.biz\/en\/unternehmen\/umweltschutz\/","og_locale":"en_GB","og_type":"article","og_title":"Umweltschutz - SKR Antriebstechnik GmbH","og_description":"Nachhaltige Fertigung Wir produzieren Ihre Teile mit Sonnenenergie Unser Unternehmenssitz befindet sich im landschaftlich \u00e4u\u00dferst reizvollen Biosph\u00e4rengebiet der Schw\u00e4bischen Alb: im Luftkurort Gomadingen. Naturverbundenheit hat bei SKR daher Tradition und Umweltschutz spielt eine wichtige Rolle. Das zeigt sich unter anderem daran, wie unser Firmengeb\u00e4ude konzipiert ist. Unsere Heizung wird beispielsweise ausschlie\u00dflich mit dem biogenen Energietr\u00e4ger [&hellip;]","og_url":"https:\/\/www.skr.biz\/en\/unternehmen\/umweltschutz\/","og_site_name":"SKR Antriebstechnik GmbH","article_modified_time":"2025-09-01T13:12:31+00:00","twitter_card":"summary_large_image","twitter_misc":{"Estimated reading time":"1 minute"},"schema":{"@context":"https:\/\/schema.org","@graph":[{"@type":"WebPage","@id":"https:\/\/www.skr.biz\/unternehmen\/umweltschutz\/","url":"https:\/\/www.skr.biz\/unternehmen\/umweltschutz\/","name":"Umwelt\u00adschutz \u2014 SKR Antriebs\u00adtech\u00adnik&nbsp;GmbH","isPartOf":{"@id":"https:\/\/www.skr.biz\/#website"},"datePublished":"2021-06-26T20:26:09+00:00","dateModified":"2025-09-01T13:12:31+00:00","breadcrumb":{"@id":"https:\/\/www.skr.biz\/unternehmen\/umweltschutz\/#breadcrumb"},"inLanguage":"en-GB","potentialAction":[{"@type":"ReadAction","target":["https:\/\/www.skr.biz\/unternehmen\/umweltschutz\/"]}]},{"@type":"BreadcrumbList","@id":"https:\/\/www.skr.biz\/unternehmen\/umweltschutz\/#breadcrumb","itemListElement":[{"@type":"ListItem","position":1,"name":"Startseite","item":"https:\/\/www.skr.biz\/"},{"@type":"ListItem","position":2,"name":"Unternehmen","item":"https:\/\/www.skr.biz\/unternehmen\/"},{"@type":"ListItem","position":3,"name":"Umweltschutz"}]},{"@type":"WebSite","@id":"https:\/\/www.skr.biz\/#website","url":"https:\/\/www.skr.biz\/","name":"SKR Antriebs\u00adtech\u00adnik&nbsp;GmbH","description":"Der Rie\u00admen\u00adspe\u00adzia\u00adlist und eige\u00adner Fer\u00adti\u00adgung f\u00fcr die Riemenscheiben","publisher":{"@id":"https:\/\/www.skr.biz\/#organization"},"potentialAction":[{"@type":"SearchAction","target":{"@type":"EntryPoint","urlTemplate":"https:\/\/www.skr.biz\/?s={search_term_string}"},"query-input":{"@type":"PropertyValueSpecification","valueRequired":true,"valueName":"search_term_string"}}],"inLanguage":"en-GB"},{"@type":"Organization","@id":"https:\/\/www.skr.biz\/#organization","name":"SKR Antriebs\u00adtech\u00adnik&nbsp;GmbH","url":"https:\/\/www.skr.biz\/","logo":{"@type":"ImageObject","inLanguage":"en-GB","@id":"https:\/\/www.skr.biz\/#\/schema\/logo\/image\/","url":"https:\/\/www.skr.biz\/wp-content\/uploads\/2021\/06\/Logo-SKR-new.png","contentUrl":"https:\/\/www.skr.biz\/wp-content\/uploads\/2021\/06\/Logo-SKR-new.png","width":848,"height":866,"caption":"SKR Antriebstechnik GmbH"},"image":{"@id":"https:\/\/www.skr.biz\/#\/schema\/logo\/image\/"}}]}},"_links":{"self":[{"href":"https:\/\/www.skr.biz\/en\/wp-json\/wp\/v2\/pages\/792","targetHints":{"allow":["GET"]}}],"collection":[{"href":"https:\/\/www.skr.biz\/en\/wp-json\/wp\/v2\/pages"}],"about":[{"href":"https:\/\/www.skr.biz\/en\/wp-json\/wp\/v2\/types\/page"}],"author":[{"embeddable":true,"href":"https:\/\/www.skr.biz\/en\/wp-json\/wp\/v2\/users\/3"}],"replies":[{"embeddable":true,"href":"https:\/\/www.skr.biz\/en\/wp-json\/wp\/v2\/comments?post=792"}],"version-history":[{"count":11,"href":"https:\/\/www.skr.biz\/en\/wp-json\/wp\/v2\/pages\/792\/revisions"}],"predecessor-version":[{"id":5409,"href":"https:\/\/www.skr.biz\/en\/wp-json\/wp\/v2\/pages\/792\/revisions\/5409"}],"up":[{"embeddable":true,"href":"https:\/\/www.skr.biz\/en\/wp-json\/wp\/v2\/pages\/89"}],"wp:attachment":[{"href":"https:\/\/www.skr.biz\/en\/wp-json\/wp\/v2\/media?parent=792"}],"curies":[{"name":"wp","href":"https:\/\/api.w.org\/{rel}","templated":true}]}}