{"id":794,"date":"2021-06-26T22:26:40","date_gmt":"2021-06-26T20:26:40","guid":{"rendered":"http:\/\/wp11002635.server-he.de\/?page_id=794"},"modified":"2024-03-27T06:44:43","modified_gmt":"2024-03-27T05:44:43","slug":"qualitaetsmanagement","status":"publish","type":"page","link":"https:\/\/www.skr.biz\/en\/unternehmen\/qualitaetsmanagement\/","title":{"rendered":"Qua\u00adli\u00adt\u00e4ts\u00adma\u00adnage\u00adment"},"content":{"rendered":"<div data-elementor-type=\"wp-page\" data-elementor-id=\"794\" class=\"elementor elementor-794\" data-elementor-post-type=\"page\">\n\t\t\t\t\t\t<section class=\"elementor-section elementor-top-section elementor-element elementor-element-021d6ad elementor-section-content-middle elementor-reverse-mobile elementor-section-boxed elementor-section-height-default elementor-section-height-default elementor-invisible\" data-id=\"021d6ad\" data-element_type=\"section\" data-e-type=\"section\" data-settings=\"{&quot;background_background&quot;:&quot;classic&quot;,&quot;animation&quot;:&quot;fadeIn&quot;}\">\n\t\t\t\t\t\t\t<div class=\"elementor-background-overlay\"><\/div>\n\t\t\t\t\t\t\t<div class=\"elementor-container elementor-column-gap-no\">\n\t\t\t\t\t<div class=\"elementor-column elementor-col-50 elementor-top-column elementor-element elementor-element-a1ff6f5\" data-id=\"a1ff6f5\" data-element_type=\"column\" data-e-type=\"column\" data-settings=\"{&quot;background_background&quot;:&quot;classic&quot;}\">\n\t\t\t<div class=\"elementor-widget-wrap elementor-element-populated\">\n\t\t\t\t\t<div class=\"elementor-background-overlay\"><\/div>\n\t\t\t\t\t\t<div class=\"elementor-element elementor-element-5f1941f elementor-widget elementor-widget-heading\" data-id=\"5f1941f\" data-element_type=\"widget\" data-e-type=\"widget\" data-widget_type=\"heading.default\">\n\t\t\t\t<div class=\"elementor-widget-container\">\n\t\t\t\t\t<h1 class=\"elementor-heading-title elementor-size-default\">Gelebtes Qualit\u00e4tsmanagement<\/h1>\t\t\t\t<\/div>\n\t\t\t\t<\/div>\n\t\t\t\t<div class=\"elementor-element elementor-element-d133e4c elementor-widget elementor-widget-text-editor\" data-id=\"d133e4c\" data-element_type=\"widget\" data-e-type=\"widget\" data-widget_type=\"text-editor.default\">\n\t\t\t\t<div class=\"elementor-widget-container\">\n\t\t\t\t\t\t\t\t\t<p>Eben\u00adso wie beim Umwelt\u00adschutz besteht das A&amp;O des Qua\u00adli\u00adt\u00e4ts\u00adma\u00adnage\u00adments dar\u00adin, dass nicht nur dar\u00ad\u00fcber gere\u00addet wird. Auf die t\u00e4g\u00adli\u00adche Umset\u00adzung kommt es an. Denn geleb\u00adtes Qua\u00adli\u00adt\u00e4ts\u00adma\u00adnage\u00adment ist einer der wich\u00adtigs\u00adten Schl\u00fcs\u00adsel zum Unter\u00adneh\u00admens\u00ader\u00adfolg und sorgt daf\u00fcr, dass s\u00e4mt\u00adli\u00adche Pro\u00adduk\u00adte zuver\u00adl\u00e4s\u00adsig mit den Erwar\u00adtun\u00adgen unse\u00adrer Kun\u00adden \u00fcber\u00adein\u00adstim\u00admen. Die\u00adse typi\u00adsche SKR-Qua\u00adli\u00adt\u00e4t doku\u00admen\u00adtie\u00adren wir akri\u00adbisch mit unse\u00adrem Qua\u00adli\u00adt\u00e4ts\u00adma\u00adnage\u00adment-Sys\u00adtem, das seit 1998 zer\u00adti\u00adfi\u00adziert ist \u2013 aktu\u00adell nach DIN EN ISO 9001:2015.<\/p>\t\t\t\t\t\t\t\t<\/div>\n\t\t\t\t<\/div>\n\t\t\t\t\t<\/div>\n\t\t<\/div>\n\t\t\t\t<div class=\"elementor-column elementor-col-50 elementor-top-column elementor-element elementor-element-063ed89\" data-id=\"063ed89\" data-element_type=\"column\" data-e-type=\"column\">\n\t\t\t<div class=\"elementor-widget-wrap elementor-element-populated\">\n\t\t\t\t\t\t<div class=\"elementor-element elementor-element-b982dc4 elementor--h-position-center elementor--v-position-middle elementor-arrows-position-inside elementor-pagination-position-inside elementor-widget elementor-widget-slides\" data-id=\"b982dc4\" data-element_type=\"widget\" data-e-type=\"widget\" data-settings=\"{&quot;navigation&quot;:&quot;both&quot;,&quot;autoplay&quot;:&quot;yes&quot;,&quot;pause_on_hover&quot;:&quot;yes&quot;,&quot;pause_on_interaction&quot;:&quot;yes&quot;,&quot;autoplay_speed&quot;:5000,&quot;infinite&quot;:&quot;yes&quot;,&quot;transition&quot;:&quot;slide&quot;,&quot;transition_speed&quot;:500}\" data-widget_type=\"slides.default\">\n\t\t\t\t<div class=\"elementor-widget-container\">\n\t\t\t\t\t\t\t\t\t<div class=\"elementor-swiper\">\n\t\t\t\t\t<div class=\"elementor-slides-wrapper elementor-main-swiper swiper\" role=\"region\" aria-roledescription=\"carousel\" aria-label=\"Slider\" dir=\"ltr\" data-animation=\"fadeInUp\">\n\t\t\t\t<div class=\"swiper-wrapper elementor-slides\">\n\t\t\t\t\t\t\t\t\t\t<div class=\"elementor-repeater-item-feaebf8 swiper-slide\" role=\"group\" aria-roledescription=\"slide\"><div class=\"swiper-slide-bg\" role=\"img\" aria-label=\"Qualit\u00e4t _HFD1978\"><\/div><div class=\"swiper-slide-inner\"><div class=\"swiper-slide-contents\"><\/div><\/div><\/div><div class=\"elementor-repeater-item-9105440 swiper-slide\" role=\"group\" aria-roledescription=\"slide\"><div class=\"swiper-slide-bg\" role=\"img\" aria-label=\"Qualit\u00e4t_HFD1945\"><\/div><div class=\"swiper-slide-inner\"><div class=\"swiper-slide-contents\"><\/div><\/div><\/div><div class=\"elementor-repeater-item-b3e3118 swiper-slide\" role=\"group\" aria-roledescription=\"slide\"><div class=\"swiper-slide-bg\" role=\"img\" aria-label=\"Qualit\u00e4t_HFD1970\"><\/div><div class=\"swiper-slide-inner\"><div class=\"swiper-slide-contents\"><\/div><\/div><\/div>\t\t\t\t<\/div>\n\t\t\t\t\t\t\t\t\t\t\t\t\t\t\t<div class=\"elementor-swiper-button elementor-swiper-button-prev\" role=\"button\" tabindex=\"0\" aria-label=\"Vorheriger Slide\">\n\t\t\t\t\t\t\t<i aria-hidden=\"true\" class=\"eicon-chevron-left\"><\/i>\t\t\t\t\t\t<\/div>\n\t\t\t\t\t\t<div class=\"elementor-swiper-button elementor-swiper-button-next\" role=\"button\" tabindex=\"0\" aria-label=\"N\u00e4chster Slide\">\n\t\t\t\t\t\t\t<i aria-hidden=\"true\" class=\"eicon-chevron-right\"><\/i>\t\t\t\t\t\t<\/div>\n\t\t\t\t\t\t\t\t\t\t\t\t\t\t\t\t<div class=\"swiper-pagination\"><\/div>\n\t\t\t\t\t\t\t\t\t\t\t\t<\/div>\n\t\t\t\t<\/div>\n\t\t\t\t\t\t\t\t<\/div>\n\t\t\t\t<\/div>\n\t\t\t\t\t<\/div>\n\t\t<\/div>\n\t\t\t\t\t<\/div>\n\t\t<\/section>\n\t\t\t\t<section class=\"elementor-section elementor-top-section elementor-element elementor-element-38ff3ae elementor-section-boxed elementor-section-height-default elementor-section-height-default elementor-invisible\" data-id=\"38ff3ae\" data-element_type=\"section\" data-e-type=\"section\" data-settings=\"{&quot;animation&quot;:&quot;fadeIn&quot;}\">\n\t\t\t\t\t\t<div class=\"elementor-container elementor-column-gap-default\">\n\t\t\t\t\t<div class=\"elementor-column elementor-col-33 elementor-top-column elementor-element elementor-element-04d6f61\" data-id=\"04d6f61\" data-element_type=\"column\" data-e-type=\"column\">\n\t\t\t<div class=\"elementor-widget-wrap elementor-element-populated\">\n\t\t\t\t\t\t<div class=\"elementor-element elementor-element-4ae5d35 elementor-widget elementor-widget-image\" data-id=\"4ae5d35\" data-element_type=\"widget\" data-e-type=\"widget\" data-widget_type=\"image.default\">\n\t\t\t\t<div class=\"elementor-widget-container\">\n\t\t\t\t\t\t\t\t\t\t\t\t\t\t\t<img fetchpriority=\"high\" decoding=\"async\" width=\"1810\" height=\"2560\" src=\"https:\/\/www.skr.biz\/wp-content\/uploads\/2021\/07\/Zertifikat-ISO-9001-SKR-2021014-scaled.jpg\" class=\"elementor-animation-grow attachment-full size-full wp-image-2211\" alt srcset=\"https:\/\/www.skr.biz\/wp-content\/uploads\/2021\/07\/Zertifikat-ISO-9001-SKR-2021014-scaled.jpg 1810w, https:\/\/www.skr.biz\/wp-content\/uploads\/2021\/07\/Zertifikat-ISO-9001-SKR-2021014-212x300.jpg 212w, https:\/\/www.skr.biz\/wp-content\/uploads\/2021\/07\/Zertifikat-ISO-9001-SKR-2021014-724x1024.jpg 724w, https:\/\/www.skr.biz\/wp-content\/uploads\/2021\/07\/Zertifikat-ISO-9001-SKR-2021014-768x1086.jpg 768w, https:\/\/www.skr.biz\/wp-content\/uploads\/2021\/07\/Zertifikat-ISO-9001-SKR-2021014-1086x1536.jpg 1086w, https:\/\/www.skr.biz\/wp-content\/uploads\/2021\/07\/Zertifikat-ISO-9001-SKR-2021014-1448x2048.jpg 1448w\" sizes=\"(max-width: 1810px) 100vw, 1810px\">\t\t\t\t\t\t\t\t\t\t\t\t\t\t\t<\/div>\n\t\t\t\t<\/div>\n\t\t\t\t\t<\/div>\n\t\t<\/div>\n\t\t\t\t<div class=\"elementor-column elementor-col-33 elementor-top-column elementor-element elementor-element-3f72934\" data-id=\"3f72934\" data-element_type=\"column\" data-e-type=\"column\">\n\t\t\t<div class=\"elementor-widget-wrap elementor-element-populated\">\n\t\t\t\t\t\t<div class=\"elementor-element elementor-element-3feff03 elementor-widget elementor-widget-image\" data-id=\"3feff03\" data-element_type=\"widget\" data-e-type=\"widget\" data-widget_type=\"image.default\">\n\t\t\t\t<div class=\"elementor-widget-container\">\n\t\t\t\t\t\t\t\t\t\t\t\t\t\t\t<img decoding=\"async\" width=\"1812\" height=\"2566\" src=\"https:\/\/www.skr.biz\/wp-content\/uploads\/2021\/10\/Zertifikat_Franzo\u0308sisch.png\" class=\"elementor-animation-grow attachment-full size-full wp-image-2889\" alt srcset=\"https:\/\/www.skr.biz\/wp-content\/uploads\/2021\/10\/Zertifikat_Franzo\u0308sisch.png 1812w, https:\/\/www.skr.biz\/wp-content\/uploads\/2021\/10\/Zertifikat_Franzo\u0308sisch-212x300.png 212w, https:\/\/www.skr.biz\/wp-content\/uploads\/2021\/10\/Zertifikat_Franzo\u0308sisch-723x1024.png 723w, https:\/\/www.skr.biz\/wp-content\/uploads\/2021\/10\/Zertifikat_Franzo\u0308sisch-768x1088.png 768w, https:\/\/www.skr.biz\/wp-content\/uploads\/2021\/10\/Zertifikat_Franzo\u0308sisch-1085x1536.png 1085w, https:\/\/www.skr.biz\/wp-content\/uploads\/2021\/10\/Zertifikat_Franzo\u0308sisch-1446x2048.png 1446w, https:\/\/www.skr.biz\/wp-content\/uploads\/2021\/10\/Zertifikat_Franzo\u0308sisch-8x12.png 8w\" sizes=\"(max-width: 1812px) 100vw, 1812px\">\t\t\t\t\t\t\t\t\t\t\t\t\t\t\t<\/div>\n\t\t\t\t<\/div>\n\t\t\t\t\t<\/div>\n\t\t<\/div>\n\t\t\t\t<div class=\"elementor-column elementor-col-33 elementor-top-column elementor-element elementor-element-30a2dfe\" data-id=\"30a2dfe\" data-element_type=\"column\" data-e-type=\"column\">\n\t\t\t<div class=\"elementor-widget-wrap elementor-element-populated\">\n\t\t\t\t\t\t<div class=\"elementor-element elementor-element-0199da8 elementor-widget elementor-widget-image\" data-id=\"0199da8\" data-element_type=\"widget\" data-e-type=\"widget\" data-widget_type=\"image.default\">\n\t\t\t\t<div class=\"elementor-widget-container\">\n\t\t\t\t\t\t\t\t\t\t\t\t\t\t\t<img decoding=\"async\" width=\"1808\" height=\"2566\" src=\"https:\/\/www.skr.biz\/wp-content\/uploads\/2021\/10\/Zertifikat_Englisch.png\" class=\"elementor-animation-grow attachment-full size-full wp-image-2890\" alt srcset=\"https:\/\/www.skr.biz\/wp-content\/uploads\/2021\/10\/Zertifikat_Englisch.png 1808w, https:\/\/www.skr.biz\/wp-content\/uploads\/2021\/10\/Zertifikat_Englisch-211x300.png 211w, https:\/\/www.skr.biz\/wp-content\/uploads\/2021\/10\/Zertifikat_Englisch-722x1024.png 722w, https:\/\/www.skr.biz\/wp-content\/uploads\/2021\/10\/Zertifikat_Englisch-768x1090.png 768w, https:\/\/www.skr.biz\/wp-content\/uploads\/2021\/10\/Zertifikat_Englisch-1082x1536.png 1082w, https:\/\/www.skr.biz\/wp-content\/uploads\/2021\/10\/Zertifikat_Englisch-1443x2048.png 1443w, https:\/\/www.skr.biz\/wp-content\/uploads\/2021\/10\/Zertifikat_Englisch-8x12.png 8w\" sizes=\"(max-width: 1808px) 100vw, 1808px\">\t\t\t\t\t\t\t\t\t\t\t\t\t\t\t<\/div>\n\t\t\t\t<\/div>\n\t\t\t\t\t<\/div>\n\t\t<\/div>\n\t\t\t\t\t<\/div>\n\t\t<\/section>\n\t\t\t\t<section class=\"elementor-section elementor-top-section elementor-element elementor-element-f521168 elementor-section-boxed elementor-section-height-default elementor-section-height-default\" data-id=\"f521168\" data-element_type=\"section\" data-e-type=\"section\">\n\t\t\t\t\t\t<div class=\"elementor-container elementor-column-gap-default\">\n\t\t\t\t\t<div class=\"elementor-column elementor-col-100 elementor-top-column elementor-element elementor-element-9ddaada\" data-id=\"9ddaada\" data-element_type=\"column\" data-e-type=\"column\">\n\t\t\t<div class=\"elementor-widget-wrap elementor-element-populated\">\n\t\t\t\t\t\t<div class=\"elementor-element elementor-element-14c7660 elementor-widget elementor-widget-text-editor\" data-id=\"14c7660\" data-element_type=\"widget\" data-e-type=\"widget\" data-widget_type=\"text-editor.default\">\n\t\t\t\t<div class=\"elementor-widget-container\">\n\t\t\t\t\t\t\t\t\t<p>Unser aktu\u00adel\u00adles Zer\u00adti\u00adfi\u00adkat nach DIN EN ISO 9001 fin\u00adden Sie unter Ser\u00advice \u2013 Downloads.<\/p>\t\t\t\t\t\t\t\t<\/div>\n\t\t\t\t<\/div>\n\t\t\t\t\t<\/div>\n\t\t<\/div>\n\t\t\t\t\t<\/div>\n\t\t<\/section>\n\t\t\t\t<\/div>","protected":false},"excerpt":{"rendered":"<p>Gelebtes Qualit\u00e4tsmanagement Ebenso wie beim Umweltschutz besteht das A&amp;O des Qualit\u00e4tsmanagements darin, dass nicht nur dar\u00fcber geredet wird. Auf die t\u00e4gliche Umsetzung kommt es an. Denn gelebtes Qualit\u00e4tsmanagement ist einer der wichtigsten Schl\u00fcssel zum Unternehmenserfolg und sorgt daf\u00fcr, dass s\u00e4mtliche Produkte zuverl\u00e4ssig mit den Erwartungen unserer Kunden \u00fcbereinstimmen. Diese typische SKR-Qualit\u00e4t dokumentieren wir akribisch mit [&hellip;]<\/p>\n","protected":false},"author":3,"featured_media":0,"parent":89,"menu_order":0,"comment_status":"closed","ping_status":"closed","template":"","meta":{"wp_typography_post_enhancements_disabled":false,"site-sidebar-layout":"no-sidebar","site-content-layout":"page-builder","ast-site-content-layout":"default","site-content-style":"default","site-sidebar-style":"default","ast-global-header-display":"","ast-banner-title-visibility":"","ast-main-header-display":"","ast-hfb-above-header-display":"","ast-hfb-below-header-display":"","ast-hfb-mobile-header-display":"","site-post-title":"disabled","ast-breadcrumbs-content":"","ast-featured-img":"disabled","footer-sml-layout":"","theme-transparent-header-meta":"default","adv-header-id-meta":"","stick-header-meta":"default","header-above-stick-meta":"","header-main-stick-meta":"","header-below-stick-meta":"","astra-migrate-meta-layouts":"default","ast-page-background-enabled":"default","ast-page-background-meta":{"desktop":{"background-color":"var(--ast-global-color-4)","background-image":"","background-repeat":"repeat","background-position":"center center","background-size":"auto","background-attachment":"scroll","background-type":"","background-media":"","overlay-type":"","overlay-color":"","overlay-opacity":"","overlay-gradient":""},"tablet":{"background-color":"","background-image":"","background-repeat":"repeat","background-position":"center center","background-size":"auto","background-attachment":"scroll","background-type":"","background-media":"","overlay-type":"","overlay-color":"","overlay-opacity":"","overlay-gradient":""},"mobile":{"background-color":"","background-image":"","background-repeat":"repeat","background-position":"center center","background-size":"auto","background-attachment":"scroll","background-type":"","background-media":"","overlay-type":"","overlay-color":"","overlay-opacity":"","overlay-gradient":""}},"ast-content-background-meta":{"desktop":{"background-color":"var(--ast-global-color-5)","background-image":"","background-repeat":"repeat","background-position":"center center","background-size":"auto","background-attachment":"scroll","background-type":"","background-media":"","overlay-type":"","overlay-color":"","overlay-opacity":"","overlay-gradient":""},"tablet":{"background-color":"var(--ast-global-color-5)","background-image":"","background-repeat":"repeat","background-position":"center center","background-size":"auto","background-attachment":"scroll","background-type":"","background-media":"","overlay-type":"","overlay-color":"","overlay-opacity":"","overlay-gradient":""},"mobile":{"background-color":"var(--ast-global-color-5)","background-image":"","background-repeat":"repeat","background-position":"center center","background-size":"auto","background-attachment":"scroll","background-type":"","background-media":"","overlay-type":"","overlay-color":"","overlay-opacity":"","overlay-gradient":""}},"footnotes":""},"class_list":["post-794","page","type-page","status-publish","hentry"],"yoast_head":"<!-- This site is optimized with the Yoast SEO plugin v27.5 - https:\/\/yoast.com\/product\/yoast-seo-wordpress\/ -->\n<title>Qualit\u00e4tsmanagement - SKR Antriebstechnik GmbH<\/title>\n<meta name=\"robots\" content=\"index, follow, max-snippet:-1, max-image-preview:large, max-video-preview:-1\" \/>\n<link rel=\"canonical\" href=\"https:\/\/www.skr.biz\/en\/unternehmen\/qualitaetsmanagement\/\" \/>\n<meta property=\"og:locale\" content=\"en_GB\" \/>\n<meta property=\"og:type\" content=\"article\" \/>\n<meta property=\"og:title\" content=\"Qualit\u00e4tsmanagement - SKR Antriebstechnik GmbH\" \/>\n<meta property=\"og:description\" content=\"Gelebtes Qualit\u00e4tsmanagement Ebenso wie beim Umweltschutz besteht das A&amp;O des Qualit\u00e4tsmanagements darin, dass nicht nur dar\u00fcber geredet wird. Auf die t\u00e4gliche Umsetzung kommt es an. Denn gelebtes Qualit\u00e4tsmanagement ist einer der wichtigsten Schl\u00fcssel zum Unternehmenserfolg und sorgt daf\u00fcr, dass s\u00e4mtliche Produkte zuverl\u00e4ssig mit den Erwartungen unserer Kunden \u00fcbereinstimmen. Diese typische SKR-Qualit\u00e4t dokumentieren wir akribisch mit [&hellip;]\" \/>\n<meta property=\"og:url\" content=\"https:\/\/www.skr.biz\/en\/unternehmen\/qualitaetsmanagement\/\" \/>\n<meta property=\"og:site_name\" content=\"SKR Antriebstechnik GmbH\" \/>\n<meta property=\"article:modified_time\" content=\"2024-03-27T05:44:43+00:00\" \/>\n<meta property=\"og:image\" content=\"https:\/\/www.skr.biz\/wp-content\/uploads\/2021\/07\/Zertifikat-ISO-9001-SKR-2021014-scaled.jpg\" \/>\n<meta name=\"twitter:card\" content=\"summary_large_image\" \/>\n<meta name=\"twitter:label1\" content=\"Estimated reading time\" \/>\n\t<meta name=\"twitter:data1\" content=\"2 minutes\" \/>\n<script type=\"application\/ld+json\" class=\"yoast-schema-graph\">{\"@context\":\"https:\\\/\\\/schema.org\",\"@graph\":[{\"@type\":\"WebPage\",\"@id\":\"https:\\\/\\\/www.skr.biz\\\/unternehmen\\\/qualitaetsmanagement\\\/\",\"url\":\"https:\\\/\\\/www.skr.biz\\\/unternehmen\\\/qualitaetsmanagement\\\/\",\"name\":\"Qualit\u00e4tsmanagement - SKR Antriebstechnik GmbH\",\"isPartOf\":{\"@id\":\"https:\\\/\\\/www.skr.biz\\\/#website\"},\"primaryImageOfPage\":{\"@id\":\"https:\\\/\\\/www.skr.biz\\\/unternehmen\\\/qualitaetsmanagement\\\/#primaryimage\"},\"image\":{\"@id\":\"https:\\\/\\\/www.skr.biz\\\/unternehmen\\\/qualitaetsmanagement\\\/#primaryimage\"},\"thumbnailUrl\":\"https:\\\/\\\/www.skr.biz\\\/wp-content\\\/uploads\\\/2021\\\/07\\\/Zertifikat-ISO-9001-SKR-2021014-scaled.jpg\",\"datePublished\":\"2021-06-26T20:26:40+00:00\",\"dateModified\":\"2024-03-27T05:44:43+00:00\",\"breadcrumb\":{\"@id\":\"https:\\\/\\\/www.skr.biz\\\/unternehmen\\\/qualitaetsmanagement\\\/#breadcrumb\"},\"inLanguage\":\"en-GB\",\"potentialAction\":[{\"@type\":\"ReadAction\",\"target\":[\"https:\\\/\\\/www.skr.biz\\\/unternehmen\\\/qualitaetsmanagement\\\/\"]}]},{\"@type\":\"ImageObject\",\"inLanguage\":\"en-GB\",\"@id\":\"https:\\\/\\\/www.skr.biz\\\/unternehmen\\\/qualitaetsmanagement\\\/#primaryimage\",\"url\":\"https:\\\/\\\/www.skr.biz\\\/wp-content\\\/uploads\\\/2021\\\/07\\\/Zertifikat-ISO-9001-SKR-2021014-scaled.jpg\",\"contentUrl\":\"https:\\\/\\\/www.skr.biz\\\/wp-content\\\/uploads\\\/2021\\\/07\\\/Zertifikat-ISO-9001-SKR-2021014-scaled.jpg\"},{\"@type\":\"BreadcrumbList\",\"@id\":\"https:\\\/\\\/www.skr.biz\\\/unternehmen\\\/qualitaetsmanagement\\\/#breadcrumb\",\"itemListElement\":[{\"@type\":\"ListItem\",\"position\":1,\"name\":\"Startseite\",\"item\":\"https:\\\/\\\/www.skr.biz\\\/\"},{\"@type\":\"ListItem\",\"position\":2,\"name\":\"Unternehmen\",\"item\":\"https:\\\/\\\/www.skr.biz\\\/unternehmen\\\/\"},{\"@type\":\"ListItem\",\"position\":3,\"name\":\"Qualit\u00e4tsmanagement\"}]},{\"@type\":\"WebSite\",\"@id\":\"https:\\\/\\\/www.skr.biz\\\/#website\",\"url\":\"https:\\\/\\\/www.skr.biz\\\/\",\"name\":\"SKR Antriebstechnik GmbH\",\"description\":\"Der Riemenspezialist und eigener Fertigung f\u00fcr die Riemenscheiben\",\"publisher\":{\"@id\":\"https:\\\/\\\/www.skr.biz\\\/#organization\"},\"potentialAction\":[{\"@type\":\"SearchAction\",\"target\":{\"@type\":\"EntryPoint\",\"urlTemplate\":\"https:\\\/\\\/www.skr.biz\\\/?s={search_term_string}\"},\"query-input\":{\"@type\":\"PropertyValueSpecification\",\"valueRequired\":true,\"valueName\":\"search_term_string\"}}],\"inLanguage\":\"en-GB\"},{\"@type\":\"Organization\",\"@id\":\"https:\\\/\\\/www.skr.biz\\\/#organization\",\"name\":\"SKR Antriebstechnik GmbH\",\"url\":\"https:\\\/\\\/www.skr.biz\\\/\",\"logo\":{\"@type\":\"ImageObject\",\"inLanguage\":\"en-GB\",\"@id\":\"https:\\\/\\\/www.skr.biz\\\/#\\\/schema\\\/logo\\\/image\\\/\",\"url\":\"https:\\\/\\\/www.skr.biz\\\/wp-content\\\/uploads\\\/2021\\\/06\\\/Logo-SKR-new.png\",\"contentUrl\":\"https:\\\/\\\/www.skr.biz\\\/wp-content\\\/uploads\\\/2021\\\/06\\\/Logo-SKR-new.png\",\"width\":848,\"height\":866,\"caption\":\"SKR Antriebstechnik GmbH\"},\"image\":{\"@id\":\"https:\\\/\\\/www.skr.biz\\\/#\\\/schema\\\/logo\\\/image\\\/\"}}]}<\/script>\n<!-- \/ Yoast SEO plugin. -->","yoast_head_json":{"title":"Qua\u00adli\u00adt\u00e4ts\u00adma\u00adnage\u00adment \u2014 SKR Antriebs\u00adtech\u00adnik&nbsp;GmbH","robots":{"index":"index","follow":"follow","max-snippet":"max-snippet:-1","max-image-preview":"max-image-preview:large","max-video-preview":"max-video-preview:-1"},"canonical":"https:\/\/www.skr.biz\/en\/unternehmen\/qualitaetsmanagement\/","og_locale":"en_GB","og_type":"article","og_title":"Qualit\u00e4tsmanagement - SKR Antriebstechnik GmbH","og_description":"Gelebtes Qualit\u00e4tsmanagement Ebenso wie beim Umweltschutz besteht das A&amp;O des Qualit\u00e4tsmanagements darin, dass nicht nur dar\u00fcber geredet wird. Auf die t\u00e4gliche Umsetzung kommt es an. Denn gelebtes Qualit\u00e4tsmanagement ist einer der wichtigsten Schl\u00fcssel zum Unternehmenserfolg und sorgt daf\u00fcr, dass s\u00e4mtliche Produkte zuverl\u00e4ssig mit den Erwartungen unserer Kunden \u00fcbereinstimmen. Diese typische SKR-Qualit\u00e4t dokumentieren wir akribisch mit [&hellip;]","og_url":"https:\/\/www.skr.biz\/en\/unternehmen\/qualitaetsmanagement\/","og_site_name":"SKR Antriebstechnik GmbH","article_modified_time":"2024-03-27T05:44:43+00:00","og_image":[{"url":"https:\/\/www.skr.biz\/wp-content\/uploads\/2021\/07\/Zertifikat-ISO-9001-SKR-2021014-scaled.jpg","type":"","width":"","height":""}],"twitter_card":"summary_large_image","twitter_misc":{"Estimated reading time":"2 minutes"},"schema":{"@context":"https:\/\/schema.org","@graph":[{"@type":"WebPage","@id":"https:\/\/www.skr.biz\/unternehmen\/qualitaetsmanagement\/","url":"https:\/\/www.skr.biz\/unternehmen\/qualitaetsmanagement\/","name":"Qua\u00adli\u00adt\u00e4ts\u00adma\u00adnage\u00adment \u2014 SKR Antriebs\u00adtech\u00adnik&nbsp;GmbH","isPartOf":{"@id":"https:\/\/www.skr.biz\/#website"},"primaryImageOfPage":{"@id":"https:\/\/www.skr.biz\/unternehmen\/qualitaetsmanagement\/#primaryimage"},"image":{"@id":"https:\/\/www.skr.biz\/unternehmen\/qualitaetsmanagement\/#primaryimage"},"thumbnailUrl":"https:\/\/www.skr.biz\/wp-content\/uploads\/2021\/07\/Zertifikat-ISO-9001-SKR-2021014-scaled.jpg","datePublished":"2021-06-26T20:26:40+00:00","dateModified":"2024-03-27T05:44:43+00:00","breadcrumb":{"@id":"https:\/\/www.skr.biz\/unternehmen\/qualitaetsmanagement\/#breadcrumb"},"inLanguage":"en-GB","potentialAction":[{"@type":"ReadAction","target":["https:\/\/www.skr.biz\/unternehmen\/qualitaetsmanagement\/"]}]},{"@type":"ImageObject","inLanguage":"en-GB","@id":"https:\/\/www.skr.biz\/unternehmen\/qualitaetsmanagement\/#primaryimage","url":"https:\/\/www.skr.biz\/wp-content\/uploads\/2021\/07\/Zertifikat-ISO-9001-SKR-2021014-scaled.jpg","contentUrl":"https:\/\/www.skr.biz\/wp-content\/uploads\/2021\/07\/Zertifikat-ISO-9001-SKR-2021014-scaled.jpg"},{"@type":"BreadcrumbList","@id":"https:\/\/www.skr.biz\/unternehmen\/qualitaetsmanagement\/#breadcrumb","itemListElement":[{"@type":"ListItem","position":1,"name":"Startseite","item":"https:\/\/www.skr.biz\/"},{"@type":"ListItem","position":2,"name":"Unternehmen","item":"https:\/\/www.skr.biz\/unternehmen\/"},{"@type":"ListItem","position":3,"name":"Qualit\u00e4tsmanagement"}]},{"@type":"WebSite","@id":"https:\/\/www.skr.biz\/#website","url":"https:\/\/www.skr.biz\/","name":"SKR Antriebs\u00adtech\u00adnik&nbsp;GmbH","description":"Der Rie\u00admen\u00adspe\u00adzia\u00adlist und eige\u00adner Fer\u00adti\u00adgung f\u00fcr die Riemenscheiben","publisher":{"@id":"https:\/\/www.skr.biz\/#organization"},"potentialAction":[{"@type":"SearchAction","target":{"@type":"EntryPoint","urlTemplate":"https:\/\/www.skr.biz\/?s={search_term_string}"},"query-input":{"@type":"PropertyValueSpecification","valueRequired":true,"valueName":"search_term_string"}}],"inLanguage":"en-GB"},{"@type":"Organization","@id":"https:\/\/www.skr.biz\/#organization","name":"SKR Antriebs\u00adtech\u00adnik&nbsp;GmbH","url":"https:\/\/www.skr.biz\/","logo":{"@type":"ImageObject","inLanguage":"en-GB","@id":"https:\/\/www.skr.biz\/#\/schema\/logo\/image\/","url":"https:\/\/www.skr.biz\/wp-content\/uploads\/2021\/06\/Logo-SKR-new.png","contentUrl":"https:\/\/www.skr.biz\/wp-content\/uploads\/2021\/06\/Logo-SKR-new.png","width":848,"height":866,"caption":"SKR Antriebstechnik GmbH"},"image":{"@id":"https:\/\/www.skr.biz\/#\/schema\/logo\/image\/"}}]}},"_links":{"self":[{"href":"https:\/\/www.skr.biz\/en\/wp-json\/wp\/v2\/pages\/794","targetHints":{"allow":["GET"]}}],"collection":[{"href":"https:\/\/www.skr.biz\/en\/wp-json\/wp\/v2\/pages"}],"about":[{"href":"https:\/\/www.skr.biz\/en\/wp-json\/wp\/v2\/types\/page"}],"author":[{"embeddable":true,"href":"https:\/\/www.skr.biz\/en\/wp-json\/wp\/v2\/users\/3"}],"replies":[{"embeddable":true,"href":"https:\/\/www.skr.biz\/en\/wp-json\/wp\/v2\/comments?post=794"}],"version-history":[{"count":17,"href":"https:\/\/www.skr.biz\/en\/wp-json\/wp\/v2\/pages\/794\/revisions"}],"predecessor-version":[{"id":5176,"href":"https:\/\/www.skr.biz\/en\/wp-json\/wp\/v2\/pages\/794\/revisions\/5176"}],"up":[{"embeddable":true,"href":"https:\/\/www.skr.biz\/en\/wp-json\/wp\/v2\/pages\/89"}],"wp:attachment":[{"href":"https:\/\/www.skr.biz\/en\/wp-json\/wp\/v2\/media?parent=794"}],"curies":[{"name":"wp","href":"https:\/\/api.w.org\/{rel}","templated":true}]}}