{"id":90,"date":"2021-06-23T09:11:53","date_gmt":"2021-06-23T07:11:53","guid":{"rendered":"http:\/\/wp11002635.server-he.de\/?page_id=90"},"modified":"2022-04-07T08:33:11","modified_gmt":"2022-04-07T06:33:11","slug":"fertigung","status":"publish","type":"page","link":"https:\/\/www.skr.biz\/en\/fertigung\/","title":{"rendered":"Fer\u00adti\u00adgung"},"content":{"rendered":"<div data-elementor-type=\"wp-page\" data-elementor-id=\"90\" class=\"elementor elementor-90\" data-elementor-post-type=\"page\">\n\t\t\t\t\t\t<section class=\"elementor-section elementor-top-section elementor-element elementor-element-4a44f1c elementor-section-boxed elementor-section-height-default elementor-section-height-default\" data-id=\"4a44f1c\" data-element_type=\"section\" data-e-type=\"section\">\n\t\t\t\t\t\t<div class=\"elementor-container elementor-column-gap-default\">\n\t\t\t\t\t<div class=\"elementor-column elementor-col-100 elementor-top-column elementor-element elementor-element-6a7d384 elementor-invisible\" data-id=\"6a7d384\" data-element_type=\"column\" data-e-type=\"column\" data-settings=\"{&quot;animation&quot;:&quot;fadeIn&quot;}\">\n\t\t\t<div class=\"elementor-widget-wrap elementor-element-populated\">\n\t\t\t\t\t\t<div class=\"elementor-element elementor-element-fc0a53b elementor-widget elementor-widget-spacer\" data-id=\"fc0a53b\" data-element_type=\"widget\" data-e-type=\"widget\" data-widget_type=\"spacer.default\">\n\t\t\t\t<div class=\"elementor-widget-container\">\n\t\t\t\t\t\t\t<div class=\"elementor-spacer\">\n\t\t\t<div class=\"elementor-spacer-inner\"><\/div>\n\t\t<\/div>\n\t\t\t\t\t\t<\/div>\n\t\t\t\t<\/div>\n\t\t\t\t<div class=\"elementor-element elementor-element-096fac5 elementor-widget elementor-widget-heading\" data-id=\"096fac5\" data-element_type=\"widget\" data-e-type=\"widget\" data-widget_type=\"heading.default\">\n\t\t\t\t<div class=\"elementor-widget-container\">\n\t\t\t\t\t<h1 class=\"elementor-heading-title elementor-size-default\">Eigene CNC-Riemenscheiben- und Zahnradfertigung sowie gro\u00dfes Lager mit Zahnriemen<\/h1>\t\t\t\t<\/div>\n\t\t\t\t<\/div>\n\t\t\t\t<div class=\"elementor-element elementor-element-e18bcb8 elementor-widget elementor-widget-text-editor\" data-id=\"e18bcb8\" data-element_type=\"widget\" data-e-type=\"widget\" data-widget_type=\"text-editor.default\">\n\t\t\t\t<div class=\"elementor-widget-container\">\n\t\t\t\t\t\t\t\t\t<p style=\"text-align: center;\">In unse\u00adrer hoch\u00admo\u00adder\u00adnen CNC-Rie\u00admen\u00adschei\u00adben- und Zahn\u00adrad\u00adfer\u00adti\u00adgung pro\u00addu\u00adzie\u00adren unse\u00adre Spe\u00adzia\u00adlis\u00adten lang\u00adle\u00adbi\u00adge, \u00e4u\u00dferst pr\u00e4\u00adzi\u00adse Rie\u00admen\u00adan\u00adtrie\u00adbe und Bau\u00adgrup\u00adpen. Die\u00adse unter\u00adneh\u00admens\u00adei\u00adge\u00adne Pro\u00adduk\u00adti\u00adon ist ma\u00df\u00adgeb\u00adlich f\u00fcr den Erfolg von SKR. Dre\u00adhen, Fr\u00e4\u00adsen, Abw\u00e4lz\u00adfr\u00e4\u00adsen, Mon\u00adta\u00adge, Laser\u00adbe\u00adschrif\u00adten und vie\u00adles mehr: Unse\u00adre au\u00dfer\u00adge\u00adw\u00f6hn\u00adli\u00adche Fer\u00adti\u00adgungs\u00adtie\u00adfe erm\u00f6g\u00adlicht es uns, mit gro\u00ad\u00dfer Fle\u00adxi\u00adbli\u00adt\u00e4t auf die W\u00fcn\u00adsche unse\u00adrer Kun\u00adden zu reagie\u00adren \u2013 und das bei einem kon\u00adstant hohen Qualit\u00e4tsniveau.<\/p>\t\t\t\t\t\t\t\t<\/div>\n\t\t\t\t<\/div>\n\t\t\t\t\t<\/div>\n\t\t<\/div>\n\t\t\t\t\t<\/div>\n\t\t<\/section>\n\t\t\t\t<section class=\"elementor-section elementor-top-section elementor-element elementor-element-dtdbodn elementor-section-content-middle elementor-section-boxed elementor-section-height-default elementor-section-height-default\" data-id=\"dtdbodn\" data-element_type=\"section\" data-e-type=\"section\" data-settings=\"{&quot;background_background&quot;:&quot;classic&quot;}\">\n\t\t\t\t\t\t\t<div class=\"elementor-background-overlay\"><\/div>\n\t\t\t\t\t\t\t<div class=\"elementor-container elementor-column-gap-no\">\n\t\t\t\t\t<div class=\"elementor-column elementor-col-33 elementor-top-column elementor-element elementor-element-00fe61f elementor-invisible\" data-id=\"00fe61f\" data-element_type=\"column\" data-e-type=\"column\" data-settings=\"{&quot;animation&quot;:&quot;zoomIn&quot;,&quot;background_background&quot;:&quot;classic&quot;,&quot;animation_delay&quot;:300}\">\n\t\t\t<div class=\"elementor-widget-wrap elementor-element-populated\">\n\t\t\t\t\t\t<div class=\"elementor-element elementor-element-f0ae45e elementor-widget elementor-widget-image\" data-id=\"f0ae45e\" data-element_type=\"widget\" data-e-type=\"widget\" data-widget_type=\"image.default\">\n\t\t\t\t<div class=\"elementor-widget-container\">\n\t\t\t\t\t\t\t\t\t\t\t\t\t\t\t\t<a href=\"https:\/\/www.skr.biz\/en\/fertigung\/riemenfertigung\/\">\n\t\t\t\t\t\t\t<img fetchpriority=\"high\" decoding=\"async\" width=\"2560\" height=\"1701\" src=\"https:\/\/www.skr.biz\/wp-content\/uploads\/2021\/10\/Riemenfertigung-oben-rechts-Riemenschneidevorgang-DSC02701-scaled.jpg\" class=\"elementor-animation-grow attachment-full size-full wp-image-2941\" alt srcset=\"https:\/\/www.skr.biz\/wp-content\/uploads\/2021\/10\/Riemenfertigung-oben-rechts-Riemenschneidevorgang-DSC02701-scaled.jpg 2560w, https:\/\/www.skr.biz\/wp-content\/uploads\/2021\/10\/Riemenfertigung-oben-rechts-Riemenschneidevorgang-DSC02701-300x199.jpg 300w, https:\/\/www.skr.biz\/wp-content\/uploads\/2021\/10\/Riemenfertigung-oben-rechts-Riemenschneidevorgang-DSC02701-1024x680.jpg 1024w, https:\/\/www.skr.biz\/wp-content\/uploads\/2021\/10\/Riemenfertigung-oben-rechts-Riemenschneidevorgang-DSC02701-768x510.jpg 768w, https:\/\/www.skr.biz\/wp-content\/uploads\/2021\/10\/Riemenfertigung-oben-rechts-Riemenschneidevorgang-DSC02701-1536x1021.jpg 1536w, https:\/\/www.skr.biz\/wp-content\/uploads\/2021\/10\/Riemenfertigung-oben-rechts-Riemenschneidevorgang-DSC02701-2048x1361.jpg 2048w, https:\/\/www.skr.biz\/wp-content\/uploads\/2021\/10\/Riemenfertigung-oben-rechts-Riemenschneidevorgang-DSC02701-18x12.jpg 18w\" sizes=\"(max-width: 2560px) 100vw, 2560px\">\t\t\t\t\t\t\t\t<\/a>\n\t\t\t\t\t\t\t\t\t\t\t\t\t\t\t<\/div>\n\t\t\t\t<\/div>\n\t\t\t\t<div class=\"elementor-element elementor-element-1460afc elementor-widget elementor-widget-heading\" data-id=\"1460afc\" data-element_type=\"widget\" data-e-type=\"widget\" data-widget_type=\"heading.default\">\n\t\t\t\t<div class=\"elementor-widget-container\">\n\t\t\t\t\t<h3 class=\"elementor-heading-title elementor-size-default\"><a href=\"https:\/\/www.skr.biz\/en\/fertigung\/riemenfertigung\/\">Riemenfertigung<\/a><\/h3>\t\t\t\t<\/div>\n\t\t\t\t<\/div>\n\t\t\t\t<div class=\"elementor-element elementor-element-4fe0555 elementor-widget elementor-widget-text-editor\" data-id=\"4fe0555\" data-element_type=\"widget\" data-e-type=\"widget\" data-widget_type=\"text-editor.default\">\n\t\t\t\t<div class=\"elementor-widget-container\">\n\t\t\t\t\t\t\t\t\tEin gro\u00ad\u00dfes Lager mit Stan\u00addard\u00adzahn\u00adrie\u00admen und die Rie\u00admen\u00adkon\u00adfek\u00adtio\u00adnie\u00adrung nach Kun\u00adden\u00adwunsch erm\u00f6g\u00adli\u00adchen eine schnel\u00adle Belieferung.&nbsp;<\/div>\n\t\t\t\t<\/div>\n\t\t\t\t\t<\/div>\n\t\t<\/div>\n\t\t\t\t<div class=\"elementor-column elementor-col-33 elementor-top-column elementor-element elementor-element-77f9305 elementor-invisible\" data-id=\"77f9305\" data-element_type=\"column\" data-e-type=\"column\" data-settings=\"{&quot;animation&quot;:&quot;zoomIn&quot;,&quot;animation_delay&quot;:300,&quot;background_background&quot;:&quot;classic&quot;}\">\n\t\t\t<div class=\"elementor-widget-wrap elementor-element-populated\">\n\t\t\t\t\t\t<div class=\"elementor-element elementor-element-4d5532e elementor-widget elementor-widget-image\" data-id=\"4d5532e\" data-element_type=\"widget\" data-e-type=\"widget\" data-widget_type=\"image.default\">\n\t\t\t\t<div class=\"elementor-widget-container\">\n\t\t\t\t\t\t\t\t\t\t\t\t\t\t\t\t<a href=\"https:\/\/www.skr.biz\/en\/fertigung\/scheibenfertigung\/\">\n\t\t\t\t\t\t\t<img decoding=\"async\" width=\"2560\" height=\"1701\" src=\"https:\/\/www.skr.biz\/wp-content\/uploads\/2021\/10\/Scheibenfertigung-unten-rechts-vollautomatische-BandsaegeDSC02728-scaled.jpg\" class=\"elementor-animation-grow attachment-full size-full wp-image-2945\" alt srcset=\"https:\/\/www.skr.biz\/wp-content\/uploads\/2021\/10\/Scheibenfertigung-unten-rechts-vollautomatische-BandsaegeDSC02728-scaled.jpg 2560w, https:\/\/www.skr.biz\/wp-content\/uploads\/2021\/10\/Scheibenfertigung-unten-rechts-vollautomatische-BandsaegeDSC02728-300x199.jpg 300w, https:\/\/www.skr.biz\/wp-content\/uploads\/2021\/10\/Scheibenfertigung-unten-rechts-vollautomatische-BandsaegeDSC02728-1024x680.jpg 1024w, https:\/\/www.skr.biz\/wp-content\/uploads\/2021\/10\/Scheibenfertigung-unten-rechts-vollautomatische-BandsaegeDSC02728-768x510.jpg 768w, https:\/\/www.skr.biz\/wp-content\/uploads\/2021\/10\/Scheibenfertigung-unten-rechts-vollautomatische-BandsaegeDSC02728-1536x1021.jpg 1536w, https:\/\/www.skr.biz\/wp-content\/uploads\/2021\/10\/Scheibenfertigung-unten-rechts-vollautomatische-BandsaegeDSC02728-2048x1361.jpg 2048w, https:\/\/www.skr.biz\/wp-content\/uploads\/2021\/10\/Scheibenfertigung-unten-rechts-vollautomatische-BandsaegeDSC02728-18x12.jpg 18w\" sizes=\"(max-width: 2560px) 100vw, 2560px\">\t\t\t\t\t\t\t\t<\/a>\n\t\t\t\t\t\t\t\t\t\t\t\t\t\t\t<\/div>\n\t\t\t\t<\/div>\n\t\t\t\t<div class=\"elementor-element elementor-element-79b4a88 elementor-widget elementor-widget-heading\" data-id=\"79b4a88\" data-element_type=\"widget\" data-e-type=\"widget\" data-widget_type=\"heading.default\">\n\t\t\t\t<div class=\"elementor-widget-container\">\n\t\t\t\t\t<h3 class=\"elementor-heading-title elementor-size-default\"><a href=\"https:\/\/www.skr.biz\/en\/fertigung\/scheibenfertigung\/\">Scheibenfertigung<\/a><\/h3>\t\t\t\t<\/div>\n\t\t\t\t<\/div>\n\t\t\t\t<div class=\"elementor-element elementor-element-bf20e91 elementor-widget elementor-widget-text-editor\" data-id=\"bf20e91\" data-element_type=\"widget\" data-e-type=\"widget\" data-widget_type=\"text-editor.default\">\n\t\t\t\t<div class=\"elementor-widget-container\">\n\t\t\t\t\t\t\t\t\t<p>In unse\u00adrer Fer\u00adti\u00adgung wer\u00adden Zahn\u00adrie\u00admen\u00adschei\u00adben, Zahn\u00adr\u00e4\u00adder und vie\u00adles mehr nach Kun\u00adden\u00adwunsch (Zeich\u00adnung) gefertigt.&nbsp;<br><br><br><br><\/p>\t\t\t\t\t\t\t\t<\/div>\n\t\t\t\t<\/div>\n\t\t\t\t\t<\/div>\n\t\t<\/div>\n\t\t\t\t<div class=\"elementor-column elementor-col-33 elementor-top-column elementor-element elementor-element-92c59ca elementor-invisible\" data-id=\"92c59ca\" data-element_type=\"column\" data-e-type=\"column\" data-settings=\"{&quot;animation&quot;:&quot;zoomIn&quot;,&quot;animation_delay&quot;:300,&quot;background_background&quot;:&quot;classic&quot;}\">\n\t\t\t<div class=\"elementor-widget-wrap elementor-element-populated\">\n\t\t\t\t\t\t<div class=\"elementor-element elementor-element-d3779df elementor-widget elementor-widget-image\" data-id=\"d3779df\" data-element_type=\"widget\" data-e-type=\"widget\" data-widget_type=\"image.default\">\n\t\t\t\t<div class=\"elementor-widget-container\">\n\t\t\t\t\t\t\t\t\t\t\t\t\t\t\t\t<a href=\"https:\/\/www.skr.biz\/en\/fertigung\/baugruppenmontage\/\">\n\t\t\t\t\t\t\t<img decoding=\"async\" width=\"2560\" height=\"1706\" src=\"https:\/\/www.skr.biz\/wp-content\/uploads\/2021\/10\/Montage-oben-links-Montage-einer-komplexen-Baugruppe_HFD2009-scaled.jpg\" class=\"elementor-animation-grow attachment-full size-full wp-image-2934\" alt srcset=\"https:\/\/www.skr.biz\/wp-content\/uploads\/2021\/10\/Montage-oben-links-Montage-einer-komplexen-Baugruppe_HFD2009-scaled.jpg 2560w, https:\/\/www.skr.biz\/wp-content\/uploads\/2021\/10\/Montage-oben-links-Montage-einer-komplexen-Baugruppe_HFD2009-300x200.jpg 300w, https:\/\/www.skr.biz\/wp-content\/uploads\/2021\/10\/Montage-oben-links-Montage-einer-komplexen-Baugruppe_HFD2009-1024x683.jpg 1024w, https:\/\/www.skr.biz\/wp-content\/uploads\/2021\/10\/Montage-oben-links-Montage-einer-komplexen-Baugruppe_HFD2009-768x512.jpg 768w, https:\/\/www.skr.biz\/wp-content\/uploads\/2021\/10\/Montage-oben-links-Montage-einer-komplexen-Baugruppe_HFD2009-1536x1024.jpg 1536w, https:\/\/www.skr.biz\/wp-content\/uploads\/2021\/10\/Montage-oben-links-Montage-einer-komplexen-Baugruppe_HFD2009-2048x1365.jpg 2048w, https:\/\/www.skr.biz\/wp-content\/uploads\/2021\/10\/Montage-oben-links-Montage-einer-komplexen-Baugruppe_HFD2009-18x12.jpg 18w\" sizes=\"(max-width: 2560px) 100vw, 2560px\">\t\t\t\t\t\t\t\t<\/a>\n\t\t\t\t\t\t\t\t\t\t\t\t\t\t\t<\/div>\n\t\t\t\t<\/div>\n\t\t\t\t<div class=\"elementor-element elementor-element-2f547cd elementor-widget elementor-widget-heading\" data-id=\"2f547cd\" data-element_type=\"widget\" data-e-type=\"widget\" data-widget_type=\"heading.default\">\n\t\t\t\t<div class=\"elementor-widget-container\">\n\t\t\t\t\t<h3 class=\"elementor-heading-title elementor-size-default\"><a href=\"https:\/\/www.skr.biz\/en\/fertigung\/baugruppenmontage\/\">Baugruppenmontage<\/a><\/h3>\t\t\t\t<\/div>\n\t\t\t\t<\/div>\n\t\t\t\t<div class=\"elementor-element elementor-element-0a3ffde elementor-widget elementor-widget-text-editor\" data-id=\"0a3ffde\" data-element_type=\"widget\" data-e-type=\"widget\" data-widget_type=\"text-editor.default\">\n\t\t\t\t<div class=\"elementor-widget-container\">\n\t\t\t\t\t\t\t\t\t<p>Ob ein\u00adge\u00adschraub\u00adter Gewin\u00adde\u00adstift oder Mon\u00adta\u00adge von gan\u00adzen Antriebs\u00adein\u00adhei\u00adten, bei uns erhal\u00adten Sie bedarfs\u00adge\u00adrecht den gew\u00fcnsch\u00adten Lieferumfang.<\/p><p>&nbsp;<\/p>\t\t\t\t\t\t\t\t<\/div>\n\t\t\t\t<\/div>\n\t\t\t\t\t<\/div>\n\t\t<\/div>\n\t\t\t\t\t<\/div>\n\t\t<\/section>\n\t\t\t\t<\/div>","protected":false},"excerpt":{"rendered":"<p>Eigene CNC-Riemenscheiben- und Zahnradfertigung sowie gro\u00dfes Lager mit Zahnriemen In unserer hochmodernen CNC-Riemenscheiben- und Zahnradfertigung produzieren unsere Spezialisten langlebige, \u00e4u\u00dferst pr\u00e4zise Riemenantriebe und Baugruppen. Diese unternehmenseigene Produktion ist ma\u00dfgeblich f\u00fcr den Erfolg von SKR. Drehen, Fr\u00e4sen, Abw\u00e4lzfr\u00e4sen, Montage, Laserbeschriften und vieles mehr: Unsere au\u00dfergew\u00f6hnliche Fertigungstiefe erm\u00f6glicht es uns, mit gro\u00dfer Flexiblit\u00e4t auf die W\u00fcnsche unserer [&hellip;]<\/p>\n","protected":false},"author":3,"featured_media":0,"parent":0,"menu_order":0,"comment_status":"closed","ping_status":"closed","template":"","meta":{"wp_typography_post_enhancements_disabled":false,"site-sidebar-layout":"no-sidebar","site-content-layout":"page-builder","ast-site-content-layout":"default","site-content-style":"default","site-sidebar-style":"default","ast-global-header-display":"","ast-banner-title-visibility":"","ast-main-header-display":"","ast-hfb-above-header-display":"","ast-hfb-below-header-display":"","ast-hfb-mobile-header-display":"","site-post-title":"disabled","ast-breadcrumbs-content":"","ast-featured-img":"disabled","footer-sml-layout":"","theme-transparent-header-meta":"default","adv-header-id-meta":"","stick-header-meta":"default","header-above-stick-meta":"","header-main-stick-meta":"","header-below-stick-meta":"","astra-migrate-meta-layouts":"default","ast-page-background-enabled":"default","ast-page-background-meta":{"desktop":{"background-color":"var(--ast-global-color-4)","background-image":"","background-repeat":"repeat","background-position":"center center","background-size":"auto","background-attachment":"scroll","background-type":"","background-media":"","overlay-type":"","overlay-color":"","overlay-opacity":"","overlay-gradient":""},"tablet":{"background-color":"","background-image":"","background-repeat":"repeat","background-position":"center center","background-size":"auto","background-attachment":"scroll","background-type":"","background-media":"","overlay-type":"","overlay-color":"","overlay-opacity":"","overlay-gradient":""},"mobile":{"background-color":"","background-image":"","background-repeat":"repeat","background-position":"center center","background-size":"auto","background-attachment":"scroll","background-type":"","background-media":"","overlay-type":"","overlay-color":"","overlay-opacity":"","overlay-gradient":""}},"ast-content-background-meta":{"desktop":{"background-color":"var(--ast-global-color-5)","background-image":"","background-repeat":"repeat","background-position":"center center","background-size":"auto","background-attachment":"scroll","background-type":"","background-media":"","overlay-type":"","overlay-color":"","overlay-opacity":"","overlay-gradient":""},"tablet":{"background-color":"var(--ast-global-color-5)","background-image":"","background-repeat":"repeat","background-position":"center center","background-size":"auto","background-attachment":"scroll","background-type":"","background-media":"","overlay-type":"","overlay-color":"","overlay-opacity":"","overlay-gradient":""},"mobile":{"background-color":"var(--ast-global-color-5)","background-image":"","background-repeat":"repeat","background-position":"center center","background-size":"auto","background-attachment":"scroll","background-type":"","background-media":"","overlay-type":"","overlay-color":"","overlay-opacity":"","overlay-gradient":""}},"footnotes":""},"class_list":["post-90","page","type-page","status-publish","hentry"],"yoast_head":"<!-- This site is optimized with the Yoast SEO plugin v27.4 - https:\/\/yoast.com\/product\/yoast-seo-wordpress\/ -->\n<title>Eigene CNC-Riemenscheiben- und Zahnradfertigung - SKR Antriebstechnik GmbH<\/title>\n<meta name=\"description\" content=\"In unserer hochmodernen CNC-Riemenscheiben- und Zahnradfertigung produzieren unsere Spezialisten langlebige, \u00e4u\u00dferst pr\u00e4zise Riemenantriebe und Baugruppen.\" \/>\n<meta name=\"robots\" content=\"index, follow, max-snippet:-1, max-image-preview:large, max-video-preview:-1\" \/>\n<link rel=\"canonical\" href=\"https:\/\/www.skr.biz\/en\/fertigung\/\" \/>\n<meta property=\"og:locale\" content=\"en_GB\" \/>\n<meta property=\"og:type\" content=\"article\" \/>\n<meta property=\"og:title\" content=\"Eigene CNC-Riemenscheiben- und Zahnradfertigung - SKR Antriebstechnik GmbH\" \/>\n<meta property=\"og:description\" content=\"In unserer hochmodernen CNC-Riemenscheiben- und Zahnradfertigung produzieren unsere Spezialisten langlebige, \u00e4u\u00dferst pr\u00e4zise Riemenantriebe und Baugruppen.\" \/>\n<meta property=\"og:url\" content=\"https:\/\/www.skr.biz\/en\/fertigung\/\" \/>\n<meta property=\"og:site_name\" content=\"SKR Antriebstechnik GmbH\" \/>\n<meta property=\"article:modified_time\" content=\"2022-04-07T06:33:11+00:00\" \/>\n<meta property=\"og:image\" content=\"https:\/\/www.skr.biz\/wp-content\/uploads\/2021\/10\/Riemenfertigung-oben-rechts-Riemenschneidevorgang-DSC02701-scaled.jpg\" \/>\n<meta name=\"twitter:card\" content=\"summary_large_image\" \/>\n<meta name=\"twitter:label1\" content=\"Estimated reading time\" \/>\n\t<meta name=\"twitter:data1\" content=\"2 minutes\" \/>\n<script type=\"application\/ld+json\" class=\"yoast-schema-graph\">{\"@context\":\"https:\\\/\\\/schema.org\",\"@graph\":[{\"@type\":\"WebPage\",\"@id\":\"https:\\\/\\\/www.skr.biz\\\/fertigung\\\/\",\"url\":\"https:\\\/\\\/www.skr.biz\\\/fertigung\\\/\",\"name\":\"Eigene CNC-Riemenscheiben- und Zahnradfertigung - SKR Antriebstechnik GmbH\",\"isPartOf\":{\"@id\":\"https:\\\/\\\/www.skr.biz\\\/#website\"},\"primaryImageOfPage\":{\"@id\":\"https:\\\/\\\/www.skr.biz\\\/fertigung\\\/#primaryimage\"},\"image\":{\"@id\":\"https:\\\/\\\/www.skr.biz\\\/fertigung\\\/#primaryimage\"},\"thumbnailUrl\":\"https:\\\/\\\/www.skr.biz\\\/wp-content\\\/uploads\\\/2021\\\/10\\\/Riemenfertigung-oben-rechts-Riemenschneidevorgang-DSC02701-scaled.jpg\",\"datePublished\":\"2021-06-23T07:11:53+00:00\",\"dateModified\":\"2022-04-07T06:33:11+00:00\",\"description\":\"In unserer hochmodernen CNC-Riemenscheiben- und Zahnradfertigung produzieren unsere Spezialisten langlebige, \u00e4u\u00dferst pr\u00e4zise Riemenantriebe und Baugruppen.\",\"breadcrumb\":{\"@id\":\"https:\\\/\\\/www.skr.biz\\\/fertigung\\\/#breadcrumb\"},\"inLanguage\":\"en-GB\",\"potentialAction\":[{\"@type\":\"ReadAction\",\"target\":[\"https:\\\/\\\/www.skr.biz\\\/fertigung\\\/\"]}]},{\"@type\":\"ImageObject\",\"inLanguage\":\"en-GB\",\"@id\":\"https:\\\/\\\/www.skr.biz\\\/fertigung\\\/#primaryimage\",\"url\":\"https:\\\/\\\/www.skr.biz\\\/wp-content\\\/uploads\\\/2021\\\/10\\\/Riemenfertigung-oben-rechts-Riemenschneidevorgang-DSC02701-scaled.jpg\",\"contentUrl\":\"https:\\\/\\\/www.skr.biz\\\/wp-content\\\/uploads\\\/2021\\\/10\\\/Riemenfertigung-oben-rechts-Riemenschneidevorgang-DSC02701-scaled.jpg\"},{\"@type\":\"BreadcrumbList\",\"@id\":\"https:\\\/\\\/www.skr.biz\\\/fertigung\\\/#breadcrumb\",\"itemListElement\":[{\"@type\":\"ListItem\",\"position\":1,\"name\":\"Startseite\",\"item\":\"https:\\\/\\\/www.skr.biz\\\/\"},{\"@type\":\"ListItem\",\"position\":2,\"name\":\"Fertigung\"}]},{\"@type\":\"WebSite\",\"@id\":\"https:\\\/\\\/www.skr.biz\\\/#website\",\"url\":\"https:\\\/\\\/www.skr.biz\\\/\",\"name\":\"SKR Antriebstechnik GmbH\",\"description\":\"Der Riemenspezialist und eigener Fertigung f\u00fcr die Riemenscheiben\",\"publisher\":{\"@id\":\"https:\\\/\\\/www.skr.biz\\\/#organization\"},\"potentialAction\":[{\"@type\":\"SearchAction\",\"target\":{\"@type\":\"EntryPoint\",\"urlTemplate\":\"https:\\\/\\\/www.skr.biz\\\/?s={search_term_string}\"},\"query-input\":{\"@type\":\"PropertyValueSpecification\",\"valueRequired\":true,\"valueName\":\"search_term_string\"}}],\"inLanguage\":\"en-GB\"},{\"@type\":\"Organization\",\"@id\":\"https:\\\/\\\/www.skr.biz\\\/#organization\",\"name\":\"SKR Antriebstechnik GmbH\",\"url\":\"https:\\\/\\\/www.skr.biz\\\/\",\"logo\":{\"@type\":\"ImageObject\",\"inLanguage\":\"en-GB\",\"@id\":\"https:\\\/\\\/www.skr.biz\\\/#\\\/schema\\\/logo\\\/image\\\/\",\"url\":\"https:\\\/\\\/www.skr.biz\\\/wp-content\\\/uploads\\\/2021\\\/06\\\/Logo-SKR-new.png\",\"contentUrl\":\"https:\\\/\\\/www.skr.biz\\\/wp-content\\\/uploads\\\/2021\\\/06\\\/Logo-SKR-new.png\",\"width\":848,\"height\":866,\"caption\":\"SKR Antriebstechnik GmbH\"},\"image\":{\"@id\":\"https:\\\/\\\/www.skr.biz\\\/#\\\/schema\\\/logo\\\/image\\\/\"}}]}<\/script>\n<!-- \/ Yoast SEO plugin. -->","yoast_head_json":{"title":"Eige\u00adne CNC-Rie\u00admen\u00adschei\u00adben- und Zahn\u00adrad\u00adfer\u00adti\u00adgung \u2014 SKR Antriebs\u00adtech\u00adnik&nbsp;GmbH","description":"In unse\u00adrer hoch\u00admo\u00adder\u00adnen CNC-Rie\u00admen\u00adschei\u00adben- und Zahn\u00adrad\u00adfer\u00adti\u00adgung pro\u00addu\u00adzie\u00adren unse\u00adre Spe\u00adzia\u00adlis\u00adten lang\u00adle\u00adbi\u00adge, \u00e4u\u00dferst pr\u00e4\u00adzi\u00adse Rie\u00admen\u00adan\u00adtrie\u00adbe und Baugruppen.","robots":{"index":"index","follow":"follow","max-snippet":"max-snippet:-1","max-image-preview":"max-image-preview:large","max-video-preview":"max-video-preview:-1"},"canonical":"https:\/\/www.skr.biz\/en\/fertigung\/","og_locale":"en_GB","og_type":"article","og_title":"Eigene CNC-Riemenscheiben- und Zahnradfertigung - SKR Antriebstechnik GmbH","og_description":"In unserer hochmodernen CNC-Riemenscheiben- und Zahnradfertigung produzieren unsere Spezialisten langlebige, \u00e4u\u00dferst pr\u00e4zise Riemenantriebe und Baugruppen.","og_url":"https:\/\/www.skr.biz\/en\/fertigung\/","og_site_name":"SKR Antriebstechnik GmbH","article_modified_time":"2022-04-07T06:33:11+00:00","og_image":[{"url":"https:\/\/www.skr.biz\/wp-content\/uploads\/2021\/10\/Riemenfertigung-oben-rechts-Riemenschneidevorgang-DSC02701-scaled.jpg","type":"","width":"","height":""}],"twitter_card":"summary_large_image","twitter_misc":{"Estimated reading time":"2 minutes"},"schema":{"@context":"https:\/\/schema.org","@graph":[{"@type":"WebPage","@id":"https:\/\/www.skr.biz\/fertigung\/","url":"https:\/\/www.skr.biz\/fertigung\/","name":"Eige\u00adne CNC-Rie\u00admen\u00adschei\u00adben- und Zahn\u00adrad\u00adfer\u00adti\u00adgung \u2014 SKR Antriebs\u00adtech\u00adnik&nbsp;GmbH","isPartOf":{"@id":"https:\/\/www.skr.biz\/#website"},"primaryImageOfPage":{"@id":"https:\/\/www.skr.biz\/fertigung\/#primaryimage"},"image":{"@id":"https:\/\/www.skr.biz\/fertigung\/#primaryimage"},"thumbnailUrl":"https:\/\/www.skr.biz\/wp-content\/uploads\/2021\/10\/Riemenfertigung-oben-rechts-Riemenschneidevorgang-DSC02701-scaled.jpg","datePublished":"2021-06-23T07:11:53+00:00","dateModified":"2022-04-07T06:33:11+00:00","description":"In unse\u00adrer hoch\u00admo\u00adder\u00adnen CNC-Rie\u00admen\u00adschei\u00adben- und Zahn\u00adrad\u00adfer\u00adti\u00adgung pro\u00addu\u00adzie\u00adren unse\u00adre Spe\u00adzia\u00adlis\u00adten lang\u00adle\u00adbi\u00adge, \u00e4u\u00dferst pr\u00e4\u00adzi\u00adse Rie\u00admen\u00adan\u00adtrie\u00adbe und Baugruppen.","breadcrumb":{"@id":"https:\/\/www.skr.biz\/fertigung\/#breadcrumb"},"inLanguage":"en-GB","potentialAction":[{"@type":"ReadAction","target":["https:\/\/www.skr.biz\/fertigung\/"]}]},{"@type":"ImageObject","inLanguage":"en-GB","@id":"https:\/\/www.skr.biz\/fertigung\/#primaryimage","url":"https:\/\/www.skr.biz\/wp-content\/uploads\/2021\/10\/Riemenfertigung-oben-rechts-Riemenschneidevorgang-DSC02701-scaled.jpg","contentUrl":"https:\/\/www.skr.biz\/wp-content\/uploads\/2021\/10\/Riemenfertigung-oben-rechts-Riemenschneidevorgang-DSC02701-scaled.jpg"},{"@type":"BreadcrumbList","@id":"https:\/\/www.skr.biz\/fertigung\/#breadcrumb","itemListElement":[{"@type":"ListItem","position":1,"name":"Startseite","item":"https:\/\/www.skr.biz\/"},{"@type":"ListItem","position":2,"name":"Fertigung"}]},{"@type":"WebSite","@id":"https:\/\/www.skr.biz\/#website","url":"https:\/\/www.skr.biz\/","name":"SKR Antriebs\u00adtech\u00adnik&nbsp;GmbH","description":"Der Rie\u00admen\u00adspe\u00adzia\u00adlist und eige\u00adner Fer\u00adti\u00adgung f\u00fcr die Riemenscheiben","publisher":{"@id":"https:\/\/www.skr.biz\/#organization"},"potentialAction":[{"@type":"SearchAction","target":{"@type":"EntryPoint","urlTemplate":"https:\/\/www.skr.biz\/?s={search_term_string}"},"query-input":{"@type":"PropertyValueSpecification","valueRequired":true,"valueName":"search_term_string"}}],"inLanguage":"en-GB"},{"@type":"Organization","@id":"https:\/\/www.skr.biz\/#organization","name":"SKR Antriebs\u00adtech\u00adnik&nbsp;GmbH","url":"https:\/\/www.skr.biz\/","logo":{"@type":"ImageObject","inLanguage":"en-GB","@id":"https:\/\/www.skr.biz\/#\/schema\/logo\/image\/","url":"https:\/\/www.skr.biz\/wp-content\/uploads\/2021\/06\/Logo-SKR-new.png","contentUrl":"https:\/\/www.skr.biz\/wp-content\/uploads\/2021\/06\/Logo-SKR-new.png","width":848,"height":866,"caption":"SKR Antriebstechnik GmbH"},"image":{"@id":"https:\/\/www.skr.biz\/#\/schema\/logo\/image\/"}}]}},"_links":{"self":[{"href":"https:\/\/www.skr.biz\/en\/wp-json\/wp\/v2\/pages\/90","targetHints":{"allow":["GET"]}}],"collection":[{"href":"https:\/\/www.skr.biz\/en\/wp-json\/wp\/v2\/pages"}],"about":[{"href":"https:\/\/www.skr.biz\/en\/wp-json\/wp\/v2\/types\/page"}],"author":[{"embeddable":true,"href":"https:\/\/www.skr.biz\/en\/wp-json\/wp\/v2\/users\/3"}],"replies":[{"embeddable":true,"href":"https:\/\/www.skr.biz\/en\/wp-json\/wp\/v2\/comments?post=90"}],"version-history":[{"count":19,"href":"https:\/\/www.skr.biz\/en\/wp-json\/wp\/v2\/pages\/90\/revisions"}],"predecessor-version":[{"id":4816,"href":"https:\/\/www.skr.biz\/en\/wp-json\/wp\/v2\/pages\/90\/revisions\/4816"}],"wp:attachment":[{"href":"https:\/\/www.skr.biz\/en\/wp-json\/wp\/v2\/media?parent=90"}],"curies":[{"name":"wp","href":"https:\/\/api.w.org\/{rel}","templated":true}]}}